
{"id":5835,"date":"2026-03-29T12:45:42","date_gmt":"2026-03-29T12:45:42","guid":{"rendered":"https:\/\/designvinylboden.de\/?page_id=5835"},"modified":"2026-03-29T12:50:27","modified_gmt":"2026-03-29T12:50:27","slug":"vertrag-widerrufen-3","status":"publish","type":"page","link":"https:\/\/designvinylboden.de\/index.php\/vertrag-widerrufen-3\/","title":{"rendered":"Vertrag widerrufen"},"content":{"rendered":"<form class=\"woocommerce-form woocommerce-form-order-withdrawal-request order-withdrawal-request\" method=\"post\">\n\t\n\t<div class=\"eu-owb-notice-wrapper\"><\/div>\n\n\t<div class=\"eu-owb-form-fields\">\n\t\t\t\t\t<div class=\"form-row form-row-first\">\n\t\t\t\t<label for=\"order-withdrawal-request-order-number\">Bestellnummer<\/label>\n\t\t\t\t<input type=\"text\" class=\"input-text\" name=\"order_number\" id=\"order-withdrawal-request-order-number\" autocomplete=\"off\" \/>\n\t\t\t<\/div>\n\n\t\t\t<div class=\"form-row form-row-last\">\n\t\t\t\t<label for=\"order-withdrawal-request-email\">E-Mail&nbsp;<span class=\"required\">*<\/span><\/label>\n\t\t\t\t<input type=\"text\" class=\"input-text\" name=\"email\" id=\"order-withdrawal-request-email\" autocomplete=\"email\" \/>\n\t\t\t<\/div>\n\n\t\t\t<div class=\"form-row form-row-first\">\n\t\t\t\t<label for=\"order-withdrawal-request-first-name\">Vorname<\/label>\n\t\t\t\t<input type=\"text\" class=\"input-text\" name=\"first_name\" id=\"order-withdrawal-request-first-name\" autocomplete=\"off\" \/>\n\t\t\t<\/div>\n\n\t\t\t<div class=\"form-row form-row-last\">\n\t\t\t\t<label for=\"order-withdrawal-request-last-name\">Nachname<\/label>\n\t\t\t\t<input type=\"text\" class=\"input-text\" name=\"last_name\" id=\"order-withdrawal-request-last-name\" autocomplete=\"off\" \/>\n\t\t\t<\/div>\n\n\t\t\t<div class=\"clear\"><\/div>\n\n\t\t\t\t\t\t\t<div class=\"order-supports-partial-withdrawal hidden\">\n\t\t\t\t\t<div class=\"form-row form-row-full\">\n\t\t\t\t\t\t<label class=\"woocommerce-form__label woocommerce-form__label-for-checkbox checkbox\" for=\"manually-select-items\">\n\t\t\t\t\t\t\t<input type=\"checkbox\" class=\"woocommerce-form__input woocommerce-form__input-checkbox input-checkbox\" name=\"manually_select_items\"  id=\"manually-select-items\" \/>\n\t\t\t\t\t\t\t<span class=\"eu-owb-woocommerce-select-certain-items-text\">Ich m\u00f6chte bestimmte Positionen f\u00fcr den Widerruf ausw\u00e4hlen.<\/span>\n\t\t\t\t\t\t\t<span class=\"notice eu-owb-woocommerce-select-certain-items-desc\">Sie erhalten eine E-Mail-Best\u00e4tigung \u00fcber den Eingang des Widerrufs. In dieser E-Mail finden Sie einen Link, \u00fcber den Sie die Artikel f\u00fcr den Widerruf ausw\u00e4hlen k\u00f6nnen.<\/span>\n\t\t\t\t\t\t<\/label>\n\t\t\t\t\t<\/div>\n\t\t\t\t<\/div>\n\t\t\t\n\t\t\t\t\t\t\t<\/div>\n\n\t\n\t\t\t<div class=\"form-row form-row-submit\">\n\t\t\t<input type=\"hidden\" id=\"_wpnonce\" name=\"_wpnonce\" value=\"858fe18725\" \/><input type=\"hidden\" name=\"_wp_http_referer\" value=\"\/index.php\/wp-json\/wp\/v2\/pages\/5835\" \/>\t\t\t<button type=\"submit\" class=\"woocommerce-button button woocommerce-form-return_request__submit\" name=\"order_withdrawal_request\" value=\"Widerruf best\u00e4tigen\">Widerruf best\u00e4tigen<\/button>\n\t\t<\/div>\n\t\n\t<div class=\"clear\"><\/div>\n\t<\/form>\n\n<p>Achtung wie bei der Bestellung und auf der Rechnung steht ist eine Stornierung bei Chargen Bestellware NICHT m\u00f6glich. Diese Ware wird extra f\u00fcr Sie bestellt oder sogar angefertigt und kann nur bei Garantief\u00e4llen zur\u00fcck gegeben werden.<\/p>\n","protected":false},"excerpt":{"rendered":"<p>Achtung wie bei der Bestellung und auf der Rechnung steht ist eine Stornierung bei Chargen Bestellware NICHT m\u00f6glich. Diese Ware wird extra f\u00fcr Sie bestellt oder sogar angefertigt und kann nur bei Garantief\u00e4llen zur\u00fcck gegeben werden.<\/p>\n","protected":false},"author":1,"featured_media":0,"parent":0,"menu_order":0,"comment_status":"closed","ping_status":"closed","template":"","meta":{"neve_meta_sidebar":"","neve_meta_container":"","neve_meta_enable_content_width":"","neve_meta_content_width":0,"neve_meta_title_alignment":"","neve_meta_author_avatar":"","neve_post_elements_order":"","neve_meta_disable_header":"","neve_meta_disable_footer":"","neve_meta_disable_title":"","_joinchat":[],"footnotes":""},"class_list":["post-5835","page","type-page","status-publish","hentry"],"_links":{"self":[{"href":"https:\/\/designvinylboden.de\/index.php\/wp-json\/wp\/v2\/pages\/5835","targetHints":{"allow":["GET"]}}],"collection":[{"href":"https:\/\/designvinylboden.de\/index.php\/wp-json\/wp\/v2\/pages"}],"about":[{"href":"https:\/\/designvinylboden.de\/index.php\/wp-json\/wp\/v2\/types\/page"}],"author":[{"embeddable":true,"href":"https:\/\/designvinylboden.de\/index.php\/wp-json\/wp\/v2\/users\/1"}],"replies":[{"embeddable":true,"href":"https:\/\/designvinylboden.de\/index.php\/wp-json\/wp\/v2\/comments?post=5835"}],"version-history":[{"count":2,"href":"https:\/\/designvinylboden.de\/index.php\/wp-json\/wp\/v2\/pages\/5835\/revisions"}],"predecessor-version":[{"id":5841,"href":"https:\/\/designvinylboden.de\/index.php\/wp-json\/wp\/v2\/pages\/5835\/revisions\/5841"}],"wp:attachment":[{"href":"https:\/\/designvinylboden.de\/index.php\/wp-json\/wp\/v2\/media?parent=5835"}],"curies":[{"name":"wp","href":"https:\/\/api.w.org\/{rel}","templated":true}]}}