
{"id":90,"date":"2022-02-02T09:26:09","date_gmt":"2022-02-02T09:26:09","guid":{"rendered":"http:\/\/desvin.coteam.de\/?page_id=90"},"modified":"2025-07-08T08:28:30","modified_gmt":"2025-07-08T08:28:30","slug":"zahlungsarten","status":"publish","type":"page","link":"https:\/\/designvinylboden.de\/index.php\/kundeninfos-agb\/zahlungsarten\/","title":{"rendered":"Zahlungsarten"},"content":{"rendered":"\n<p>Aktuell bieten wir im DesignVinylBoden Onlineshop folgende Zahlungsmittel an : <\/p>\n\n\n\n<p>Rechnung, SEPA Mandat und Vorkasse in eigener Abwicklung <br>Kreditkarten , SEPA Mandat , Sofort\u00fcberweisung, Rechnung und weitere Zahlungsm\u00f6glichkeiten \u00fcber Stripe und Klarna<\/p>\n\n\n\n<p>Alternativ finden Sie die selben Produkte und mehr auch auf <a href=\"http:\/\/www.fashion-wohntrend.de\" target=\"_blank\" rel=\"noreferrer noopener\">www.Fashion-WohnTrend.de<\/a>, hier stehen Ihnen die Zahlungsmittel : \u00dcberweisung, SEPA und auf Wunsch auch easyCredit zur Verf\u00fcgung.<\/p>\n\n\n\n<p><\/p>\n\n\n\n<p>Bei Fragen und einer Suche nach Alternativen, stehen wir Ihnen sehr gerne zur Verf\u00fcgung. Wir beraten Sie sehr gerne. <br><\/p>\n\n\n\n<p>Info @ Fashion-WohnTrend.de<br><strong>Fashion WohnTrend<\/strong><br>Neust\u00e4dter Stra\u00dfe 30<br>29389 Bad Bodenteich<br>05824 9858552 <br>Mo &#8211; Do 10 &#8211; 18 Uhr \/ Fr 10 &#8211; 14:30 Uhr<br>und 7 Tage die Woche Termine nach Vereinbarung<\/p>\n","protected":false},"excerpt":{"rendered":"<p>Aktuell bieten wir im DesignVinylBoden Onlineshop folgende Zahlungsmittel an : Rechnung, SEPA Mandat und Vorkasse in eigener Abwicklung Kreditkarten , SEPA Mandat , Sofort\u00fcberweisung, Rechnung und weitere Zahlungsm\u00f6glichkeiten \u00fcber Stripe und Klarna Alternativ finden Sie die selben Produkte und mehr auch auf www.Fashion-WohnTrend.de, hier stehen Ihnen die Zahlungsmittel : \u00dcberweisung, SEPA und auf Wunsch auch&hellip;&nbsp;<a href=\"https:\/\/designvinylboden.de\/index.php\/kundeninfos-agb\/zahlungsarten\/\" rel=\"bookmark\">Weiterlesen &raquo;<span class=\"screen-reader-text\">Zahlungsarten<\/span><\/a><\/p>\n","protected":false},"author":1,"featured_media":0,"parent":94,"menu_order":5,"comment_status":"closed","ping_status":"closed","template":"","meta":{"neve_meta_sidebar":"","neve_meta_container":"","neve_meta_enable_content_width":"","neve_meta_content_width":0,"neve_meta_title_alignment":"","neve_meta_author_avatar":"","neve_post_elements_order":"","neve_meta_disable_header":"","neve_meta_disable_footer":"","neve_meta_disable_title":"","_joinchat":[],"footnotes":""},"class_list":["post-90","page","type-page","status-publish","hentry"],"_links":{"self":[{"href":"https:\/\/designvinylboden.de\/index.php\/wp-json\/wp\/v2\/pages\/90","targetHints":{"allow":["GET"]}}],"collection":[{"href":"https:\/\/designvinylboden.de\/index.php\/wp-json\/wp\/v2\/pages"}],"about":[{"href":"https:\/\/designvinylboden.de\/index.php\/wp-json\/wp\/v2\/types\/page"}],"author":[{"embeddable":true,"href":"https:\/\/designvinylboden.de\/index.php\/wp-json\/wp\/v2\/users\/1"}],"replies":[{"embeddable":true,"href":"https:\/\/designvinylboden.de\/index.php\/wp-json\/wp\/v2\/comments?post=90"}],"version-history":[{"count":5,"href":"https:\/\/designvinylboden.de\/index.php\/wp-json\/wp\/v2\/pages\/90\/revisions"}],"predecessor-version":[{"id":5524,"href":"https:\/\/designvinylboden.de\/index.php\/wp-json\/wp\/v2\/pages\/90\/revisions\/5524"}],"up":[{"embeddable":true,"href":"https:\/\/designvinylboden.de\/index.php\/wp-json\/wp\/v2\/pages\/94"}],"wp:attachment":[{"href":"https:\/\/designvinylboden.de\/index.php\/wp-json\/wp\/v2\/media?parent=90"}],"curies":[{"name":"wp","href":"https:\/\/api.w.org\/{rel}","templated":true}]}}