
{"id":92,"date":"2022-02-02T09:26:23","date_gmt":"2022-02-02T09:26:23","guid":{"rendered":"http:\/\/desvin.coteam.de\/?page_id=92"},"modified":"2025-03-12T05:45:19","modified_gmt":"2025-03-12T05:45:19","slug":"versandarten","status":"publish","type":"page","link":"https:\/\/designvinylboden.de\/index.php\/kundeninfos-agb\/versandarten\/","title":{"rendered":"Versandarten"},"content":{"rendered":"\n<p class=\"has-vivid-red-color has-text-color\">Lieferungen sind aktuell NUR in Deutschland m\u00f6glich, Einkauf mit Abholung nat\u00fcrlich von wo aus Sie es w\u00fcnschen! <\/p>\n\n\n\n<p><\/p>\n\n\n\n<p class=\"has-foreground-color has-text-color\"><br>Wir liefern unsere Ware je nach Produkt direkt vom Werk \u00fcber den Hersteller, dem Gro\u00dfh\u00e4ndler oder aber selber per Spedition bis an die Bordsteinkante.<br><br>bis 5000\u20ac Bestellwert mit einer Versandpauschale von 65\u20ac<br>ab 5000\u20ac frei Haus<br>*au\u00dfer deutsche Inseln<\/p>\n\n\n\n<p class=\"has-foreground-color has-text-color\">Versandkosten k\u00f6nnen bei einem pers\u00f6nlichen Angebot entfallen, kontaktieren Sie uns mit Menge und Postleitzahl<br><\/p>\n\n\n\n<p><\/p>\n\n\n\n<p><strong>Fashion WohnTrend<\/strong><br>Neust\u00e4dter Stra\u00dfe 30<br>29389 Bad Bodenteich<br>Tel 05824 9858552<br>Mo &#8211; Do 10 &#8211; 18 Uhr \/ Fr 10 &#8211; 18:30 Uhr<br>und 7 Tage die Woche Termine nach Vereinbarung<br><a href=\"http:\/\/www.fashion-wohntrend.de\" target=\"_blank\" rel=\"noreferrer noopener\">www.Fashion-WohnTrend.de<\/a><\/p>\n\n\n\n<p><\/p>\n","protected":false},"excerpt":{"rendered":"<p>Lieferungen sind aktuell NUR in Deutschland m\u00f6glich, Einkauf mit Abholung nat\u00fcrlich von wo aus Sie es w\u00fcnschen! Wir liefern unsere Ware je nach Produkt direkt vom Werk \u00fcber den Hersteller, dem Gro\u00dfh\u00e4ndler oder aber selber per Spedition bis an die Bordsteinkante. bis 5000\u20ac Bestellwert mit einer Versandpauschale von 65\u20acab 5000\u20ac frei Haus*au\u00dfer deutsche Inseln Versandkosten&hellip;&nbsp;<a href=\"https:\/\/designvinylboden.de\/index.php\/kundeninfos-agb\/versandarten\/\" rel=\"bookmark\">Weiterlesen &raquo;<span class=\"screen-reader-text\">Versandarten<\/span><\/a><\/p>\n","protected":false},"author":1,"featured_media":0,"parent":94,"menu_order":4,"comment_status":"closed","ping_status":"closed","template":"","meta":{"neve_meta_sidebar":"","neve_meta_container":"","neve_meta_enable_content_width":"","neve_meta_content_width":0,"neve_meta_title_alignment":"","neve_meta_author_avatar":"","neve_post_elements_order":"","neve_meta_disable_header":"","neve_meta_disable_footer":"","neve_meta_disable_title":"","_joinchat":[],"footnotes":""},"class_list":["post-92","page","type-page","status-publish","hentry"],"_links":{"self":[{"href":"https:\/\/designvinylboden.de\/index.php\/wp-json\/wp\/v2\/pages\/92","targetHints":{"allow":["GET"]}}],"collection":[{"href":"https:\/\/designvinylboden.de\/index.php\/wp-json\/wp\/v2\/pages"}],"about":[{"href":"https:\/\/designvinylboden.de\/index.php\/wp-json\/wp\/v2\/types\/page"}],"author":[{"embeddable":true,"href":"https:\/\/designvinylboden.de\/index.php\/wp-json\/wp\/v2\/users\/1"}],"replies":[{"embeddable":true,"href":"https:\/\/designvinylboden.de\/index.php\/wp-json\/wp\/v2\/comments?post=92"}],"version-history":[{"count":4,"href":"https:\/\/designvinylboden.de\/index.php\/wp-json\/wp\/v2\/pages\/92\/revisions"}],"predecessor-version":[{"id":3603,"href":"https:\/\/designvinylboden.de\/index.php\/wp-json\/wp\/v2\/pages\/92\/revisions\/3603"}],"up":[{"embeddable":true,"href":"https:\/\/designvinylboden.de\/index.php\/wp-json\/wp\/v2\/pages\/94"}],"wp:attachment":[{"href":"https:\/\/designvinylboden.de\/index.php\/wp-json\/wp\/v2\/media?parent=92"}],"curies":[{"name":"wp","href":"https:\/\/api.w.org\/{rel}","templated":true}]}}