
{"id":1055,"date":"2022-02-17T09:19:29","date_gmt":"2022-02-17T09:19:29","guid":{"rendered":"http:\/\/desvin.coteam.de\/?post_type=product&#038;p=1055"},"modified":"2026-03-05T10:09:43","modified_gmt":"2026-03-05T10:09:43","slug":"coretec-herringbone-klick-vinylboden-texas-oak-s-h54-50-lvrh-2454","status":"publish","type":"product","link":"https:\/\/designvinylboden.de\/index.php\/produkt\/coretec-herringbone-klick-vinylboden-texas-oak-s-h54-50-lvrh-2454\/","title":{"rendered":"CoreTec Herringbone Klick Vinylboden Texas OaK S H54 50-LVRH-2454"},"content":{"rendered":"<p><strong>CoreTec Herringbone Klick Vinylboden Texas OaK S H54 50-LVRH-2454 <\/strong><strong>mit Korkunterlage und Lifetime<\/strong><br \/>\n&#8211; <span style=\"color: #800000;\">patentierter Core Tr\u00e4ger f\u00fcr Verlegung auf vielen Untergr\u00fcnden und 400 m\u00b2 ohne Dehnungsfuge\u00a0 <\/span>&#8211;<br \/>\nder beste CoreTec Preis in DE\u00a0<img decoding=\"async\" src=\"https:\/\/fashion-wohntrend.de\/deutschland.png\" alt=\"\" \/> seit 2016 mit pers\u00f6nlichen Angebot<\/p>\n<p><strong><br \/>\n<\/strong><span style=\"color: #000000;\"><strong>CoreTec Herringbone Klick Vinylboden mit patentierter Zusammenstellung und Korkunterlage<br \/>\n<\/strong>Farbe \/ Dekor: Texas OaK S H54 50-LVRH-2454 \/ CoreTec Herringbone Fischgr\u00e4te Kollektion<br \/>\nMa\u00dfangaben : 912 x 228 x 8,1 mm<br \/>\nNutzschicht 0,55 mm + 2 Mal Antiscratch und UV Lackierung<br \/>\nVerlegeart : schwimmende Verlegung \/ Klick Vinyl inkl. Kork Unterlage<br \/>\nVPE : 2.500 m\u00b2<br \/>\ndie CoreTec Herringbone besteht aus einigen Dekoren Essentials und einigen Dekoren Naturals Kollektion<\/span><\/p>\n<p>&nbsp;<\/p>\n<p><strong>Spezifikationen:<\/strong><\/p>\n<ul>\n<li>100% wasserfest, hervorragend geeignet f\u00fcr Nassr\u00e4ume<\/li>\n<li>sofortige Installation ohne Akklimatisierung<\/li>\n<li>Verlegung bis zu 400m\u00b2 ohne Dehnungsfuge m\u00f6glich<\/li>\n<li>einfache Verlegung mit Uniklick-Verbindung<\/li>\n<li>leiser Bodenbelag,angenehmer Gehkomfort<\/li>\n<li>kein zus\u00e4tzlicher Trittschall notwendig (Korkunterlage)<\/li>\n<li>hohe Schalld\u00e4mmung<\/li>\n<li>extrem stabil und kratzbest\u00e4ndig,problemlos bei Haustieren<\/li>\n<li>Einsatz im Gewerbebereich m\u00f6glich<\/li>\n<\/ul>\n<p>&nbsp;<\/p>\n<p><strong>Technische Daten :<\/strong><\/p>\n<ul>\n<li>Nutzungsklasse : 23 &#8211; 33 &#8211; 42 (EN ISO 10874)<\/li>\n<li>Brandklasse : Bfl-S1 (EN 13501)<\/li>\n<li>Verschleissverhalten : Class T (EN 660-2)<\/li>\n<li>Massstabilit\u00e4t : &lt;0,15mm (EN 24342)<\/li>\n<li>Schl\u00fcsselung : &lt;0,02mm (EN 23999)<\/li>\n<li>Dimensionsstabilit\u00e4t : &lt;0,02 (EN 23999)<\/li>\n<li>Antistatik : &lt;2kV (EN 1815)<\/li>\n<li>Rutschhemmung : DS (EN 13893)<\/li>\n<li>Rutschverhalten : R10 (DIN51130) von 10\u00b0-19\u00b0<\/li>\n<li>Formaldehyd Klassifizierung : E1 (EN 717-1)<\/li>\n<li>Trittschallverbesserungsma\u00df : Lw=19dB (EN 140)<\/li>\n<li>Stuhlrollenbeanspruchung : Pass (EN 425)<\/li>\n<li>Fu\u00dfbodenheizung geeignet : 0,1009 (m\u00b2 K\/W) (EN 12667) (EN 12524)<\/li>\n<li>Chemikalienbest\u00e4ndigkeit : sehr gut (EN 423) Friseursalon geeignet<\/li>\n<\/ul>\n<p>&nbsp;<\/p>\n<p><strong>Patentierte Zusammenstellung:\u00a0<\/strong><\/p>\n<ul>\n<li><strong>Extrem resistente Nutzschicht von 0,55 mm<\/strong>\u00a0, zweifache Acrylharzbeschichtung , hohe Kratz- und Fleckenbest\u00e4ndigkeit , sehr Pflegeleicht<\/li>\n<li><strong>Hochwertige Deckschicht 1 &#8211; 1,5 mm<\/strong>\u00a0, 100% reines Vinyl , perfekte Holz- und Steinimitationen , langlebig und formstabil<\/li>\n<li><strong>CoreTec Basistr\u00e4ger 5 mm<\/strong>\u00a0, Mischung aus Kalkstein, PVC und Holz , extrudierter wasserdichter Kern , formstabil und flexibel<\/li>\n<li><strong>Korkunterlage 1,5 mm<\/strong> , reiner europ\u00e4ischer Kork, gleicht Unebenheiten aus , optimale Schalld\u00e4mmung, wasserabweisende Eigenschaften<\/li>\n<\/ul>\n<p>&nbsp;<\/p>\n<p>Verf\u00fcgbares Zubeh\u00f6r :<\/p>\n<ul>\n<li>0065 Sockelleiste MDF Wei\u00df \u00a0lackierbar 10 x 58 x 2500 mm<\/li>\n<li>farblich passende Sockelleisten in 2 Formaten vom Hersteller<\/li>\n<li>diverse farblich passende End- und \u00dcbergangsschienen<\/li>\n<li>weiteres auf Anfrage<\/li>\n<\/ul>\n<p><strong>Keine Lust einen Gutscheincode zu suchen um zu sparen?\u00a0<a href=\"http:\/\/www.fashion-wohntrend.de\/\">Hier bei Fashion-WohnTrend gibt es die Bodenbel\u00e4ge gleich mit Rabatten<\/a>!<\/strong><\/p>\n<p>Der Klick Vinyl von CoreTec ist ein patentierter Bodenbelag der ohne Akklimatisierung auf fast alle bestehenden Untergr\u00fcnde sofort verlegt werden kann. ( Fliesen, Parkett, Estrich usw). Er ist so dimensionsstabil das er \u00fcber 400 m\u00b2 ohne Dehnungsfuge verlegt werden kann. Sie ben\u00f6tigen also keine h\u00e4sslichen \u00dcbergangsschienen an T\u00fcren oder anderen \u00dcberg\u00e4ngen. Wenn Sie jedoch mehr als 400 m\u00b2 durch legen m\u00fcssen, bietet CoreTec diverse Profile in Bodenbelag Farbe \/ Dekor an.<\/p>\n<p>Der CoreTec Klick Vinylbodenbelag ist in allen Kollektionen extrem Robust, Kratzbest\u00e4ndig und Strapazierf\u00e4hig, und somit auch f\u00fcr gro\u00dfe Tiere und andere strapazierf\u00e4hige Varianten im Wohnbereich geeignet. Im Gewerbebereich darf dieser Bodenbelag im Gegensatz zu vielen anderen Vinylb\u00f6den auch im Friseursalon oder Nagelstudio verlegt werden.<\/p>\n<p>&nbsp;<\/p>\n<p class=\"font-claude-response-body break-words whitespace-normal leading-[1.7]\"><strong>Fairster Preis garantiert!<\/strong><\/p>\n<p class=\"font-claude-response-body break-words whitespace-normal leading-[1.7]\">Seit 1992 Ihr Spezialist f\u00fcr Premium-Bodenbel\u00e4ge. Durch unser optimiertes Gesch\u00e4ftsmodell bieten wir Ihnen garantiert die fairsten Preise in Deutschland \u2013 unsere Kunden best\u00e4tigen es!<\/p>\n<p class=\"font-claude-response-body break-words whitespace-normal leading-[1.7]\"><strong>WhatsApp-Beratung 24\/7: +49 1516 5175270<\/strong> <em>(Bitte nur Nachrichten \u2013 keine Anrufe)<\/em><\/p>\n<p class=\"font-claude-response-body break-words whitespace-normal leading-[1.7]\">Jederzeit pers\u00f6nliche Beratung und individuelle Angebote \u2013 schnell, kompetent und unschlagbar g\u00fcnstig.<\/p>\n<p class=\"font-claude-response-body break-words whitespace-normal leading-[1.7]\"><strong>Fashion-WohnTrend.de \u2013 Deutschlands fairste Bodenpreise seit \u00fcber 30 Jahren!<\/strong><\/p>\n<p>&nbsp;<\/p>\n<p>Bildmaterial (c) by <a href=\"https:\/\/www.fashion-wohntrend.de\/Design411-Design-411-Achat2-Achat-Steinoptik-Betonoptik-Textiloptik-Klich-klicken-geklickt-schwimmend-IPC-Designboden-Vinylboden-PVC-Vinyl-Designvinyl-Uelzen-Wittingen-Bodenteich.html\" target=\"_blank\" rel=\"noopener\">Fashion-WohnTrend<\/a><\/p>\n<p>&nbsp;<\/p>\n","protected":false},"excerpt":{"rendered":"<p><span style=\"color: #000000;\"><strong>CoreTec Herringbone Klick Vinylboden mit patentierter Zusammenstellung und Korkunterlage<br \/>\n<\/strong>Farbe \/ Dekor: Texas OaK S H54 50-LVRH-2454 \/ CoreTec Herringbone Kollektion<br \/>\nMa\u00dfangaben : 912 x 228 x 8,1 mm<br \/>\nNutzschicht 0,55 mm + 2 Mal Antiscratch und UV Lackierung<br \/>\nVerlegeart : schwimmende Verlegung \/ Klick Vinyl inkl. Kork Unterlage<br \/>\nVPE : 2.500 m\u00b2<\/span><\/p>\n<p>&nbsp;<\/p>\n<p>Diesen CoreTec Bodenbelag k\u00f6nnen Sie bequem in unserem Onlineshop\u00a0<a href=\"http:\/\/www.fashion-wohntrend.de\/\"><strong data-start=\"58\" data-end=\"82\">Fashion-WohnTrend.de<\/strong><\/a>\u00a0per Ratenkauf mit EasyCredit bestellen.<\/p>\n","protected":false},"featured_media":2994,"comment_status":"open","ping_status":"closed","template":"","meta":{"neve_meta_sidebar":"","neve_meta_container":"","neve_meta_enable_content_width":"off","neve_meta_content_width":100,"neve_meta_title_alignment":"","neve_meta_author_avatar":"","neve_post_elements_order":"","neve_meta_disable_header":"","neve_meta_disable_footer":"","neve_meta_disable_title":"","_joinchat":[]},"product_brand":[],"product_cat":[239],"product_tag":[254,363,354,353,352,351,350,349,260,259,258,257,256,255,250,249,248,247,245,244,243,162,120],"class_list":{"0":"post-1055","1":"product","2":"type-product","3":"status-publish","4":"has-post-thumbnail","6":"product_cat-coretec-designvinyl-herringbone-kollektion","7":"product_tag-designvinyl","8":"product_tag-50-lvrh-2454-texas-oak-s-h54","9":"product_tag-herringbone-kollektion","10":"product_tag-usfloors-herringbone","11":"product_tag-coretec-herringbone","12":"product_tag-fischgraete","13":"product_tag-fischgraet","14":"product_tag-herringbone","15":"product_tag-nagelstudio","16":"product_tag-friseur","17":"product_tag-gewerbebereich","18":"product_tag-industriebereich","19":"product_tag-wohnbereich","20":"product_tag-designboden","21":"product_tag-vinylboden","22":"product_tag-fachmarkt-vinylboden","23":"product_tag-vinyl-laminat","24":"product_tag-coretec-klick-vinyl","25":"product_tag-kork-unterlage","26":"product_tag-usfloors","27":"product_tag-coretec","28":"product_tag-klick-vinyl","29":"product_tag-unterlage","31":"first","32":"instock","33":"sale","34":"taxable","35":"shipping-taxable","36":"purchasable","37":"product-type-simple"},"tiered_pricing_type":"fixed","tiered_pricing_fixed_rules":[],"tiered_pricing_product_settings":{"layout":"default","base_unit_name":{"singular":null,"plural":null},"default_variation":null},"tiered_pricing_minimum_quantity":null,"tiered_pricing_roles_data":[],"tiered_pricing_percentage_rules":[],"_links":{"self":[{"href":"https:\/\/designvinylboden.de\/index.php\/wp-json\/wp\/v2\/product\/1055","targetHints":{"allow":["GET"]}}],"collection":[{"href":"https:\/\/designvinylboden.de\/index.php\/wp-json\/wp\/v2\/product"}],"about":[{"href":"https:\/\/designvinylboden.de\/index.php\/wp-json\/wp\/v2\/types\/product"}],"replies":[{"embeddable":true,"href":"https:\/\/designvinylboden.de\/index.php\/wp-json\/wp\/v2\/comments?post=1055"}],"wp:featuredmedia":[{"embeddable":true,"href":"https:\/\/designvinylboden.de\/index.php\/wp-json\/wp\/v2\/media\/2994"}],"wp:attachment":[{"href":"https:\/\/designvinylboden.de\/index.php\/wp-json\/wp\/v2\/media?parent=1055"}],"wp:term":[{"taxonomy":"product_brand","embeddable":true,"href":"https:\/\/designvinylboden.de\/index.php\/wp-json\/wp\/v2\/product_brand?post=1055"},{"taxonomy":"product_cat","embeddable":true,"href":"https:\/\/designvinylboden.de\/index.php\/wp-json\/wp\/v2\/product_cat?post=1055"},{"taxonomy":"product_tag","embeddable":true,"href":"https:\/\/designvinylboden.de\/index.php\/wp-json\/wp\/v2\/product_tag?post=1055"}],"curies":[{"name":"wp","href":"https:\/\/api.w.org\/{rel}","templated":true}]}}