
{"id":1524,"date":"2022-03-01T09:23:26","date_gmt":"2022-03-01T09:23:26","guid":{"rendered":"http:\/\/desvin.coteam.de\/?post_type=product&#038;p=1524"},"modified":"2026-03-05T09:17:07","modified_gmt":"2026-03-05T09:17:07","slug":"coretec-essentials-klick-vinylboden-greystone-oak-34-50-lvr-634","status":"publish","type":"product","link":"https:\/\/designvinylboden.de\/index.php\/produkt\/coretec-essentials-klick-vinylboden-greystone-oak-34-50-lvr-634\/","title":{"rendered":"CoreTec Essentials Klick Vinylboden Greystone Oak 34 50-LVR-634"},"content":{"rendered":"<p><strong>CoreTec Essentials Klick Vinylboden Greystone Oak 34 50-LVR-634 <\/strong><strong>mit Korkunterlage und Lifetime<\/strong><br \/>\n&#8211; <span style=\"color: #800000;\">patentierter Core Tr\u00e4ger f\u00fcr Verlegung auf vielen Untergr\u00fcnden und 400 m\u00b2 ohne Dehnungsfuge\u00a0 <\/span>&#8211;<br \/>\nder beste CoreTec Preis in DE\u00a0<img decoding=\"async\" src=\"https:\/\/fashion-wohntrend.de\/deutschland.png\" alt=\"\" \/> seit 2016 mit pers\u00f6nlichen Angebot<\/p>\n<p><strong><br \/>\n<\/strong><span style=\"color: #000000;\"><strong>CoreTec Essentials Klick Vinylboden mit patentierter Zusammenstellung und Korkunterlage<br \/>\n<\/strong>Farbe \/ Dekor: Greystone Oak 34 50-LVR-634 \/ CoreTec Essentials 2021 Kollektion<br \/>\nMa\u00dfangaben : 1830 x 228 x 8,5 mm<br \/>\nNutzschicht 0,55 mm + 2 Mal Antiscratch und UV Lackierung<br \/>\nVerlegeart : schwimmende Verlegung \/ Klick Vinyl inkl. Kork Unterlage<br \/>\nVPE : 1.970 m\u00b2<br \/>\ndie CoreTec Essentials Kollektion besteht aus Dekoren in so guter Optik und Haptik das man sie von Parkett kaum unterscheiden kann<\/span><\/p>\n<p>&nbsp;<\/p>\n<p><strong>Spezifikationen:<\/strong><\/p>\n<ul>\n<li>HD Kern aus verdichteten Kalksandsteinpartikeln &#8211; frei von PVC<\/li>\n<li>Verschlei\u00dffeste Deckschichten mit hoher Kratzfestigkeit<\/li>\n<li>100% wasserfest, hervorragend geeignet f\u00fcr Nassr\u00e4ume<\/li>\n<li>sofortige Installation ohne Akklimatisierung<\/li>\n<li>Verlegung bis zu 400m\u00b2 ohne Dehnungsfuge m\u00f6glich<\/li>\n<li>einfache Verlegung mit CoreTec Uniklick-Verbindung<\/li>\n<li>leiser Bodenbelag,angenehmer Gehkomfort<\/li>\n<li>kein zus\u00e4tzlicher Trittschall notwendig (Korkunterlage)<\/li>\n<li>hohe Schalld\u00e4mmung<\/li>\n<li>extrem stabil und kratzbest\u00e4ndig,problemlos bei gro\u00dfen Haustieren<\/li>\n<li>Einsatz im Gewerbebereich m\u00f6glich<\/li>\n<li>am gleichen Tag begehbar, keine kommerziellen Ausfallzeiten<\/li>\n<li>minimaler Reinigungs- und Pflegeaufwand<\/li>\n<li>100% Antistatisch<\/li>\n<\/ul>\n<p>&nbsp;<\/p>\n<p><strong>Technische Daten :<\/strong><\/p>\n<ul>\n<li>Nutzungsklasse : 34 &#8211; 42 (EN ISO 10874)<\/li>\n<li>Brandklasse : Bfl-S1 (EN 13501)<\/li>\n<li>Verschleissverhalten : Class T (EN 660-2)<\/li>\n<li>W\u00e4rmedurchlasswert : 0,05 (,\u00b2 K\/W) EN 12667 ISO 8302<\/li>\n<li>Massstabilit\u00e4t : &lt;0,15mm (EN 24342)<\/li>\n<li>Schl\u00fcsselung : &lt;0,02mm (EN 23999)<\/li>\n<li>Dimensionsstabilit\u00e4t : &lt;0,02 (EN 23999)<\/li>\n<li>Antistatik : &lt;0,1kV (EN 1815)<\/li>\n<li>Formaldehyd Klassifizierung : E1 (EN 717-1)<\/li>\n<li>Stuhlrollenbeanspruchung : Geeignet (EN 425)<\/li>\n<li>Chemikalienbest\u00e4ndigkeit : sehr gut (EN 423) Friseursalon geeignet<\/li>\n<li>Eindruckverhalten zertifiziert : 0,01 mm EN ISO 24343-1:2020<\/li>\n<\/ul>\n<p>&nbsp;<\/p>\n<p><strong>Patentierte Zusammenstellung:\u00a0<\/strong><\/p>\n<ul>\n<li><strong>Extrem resistente Nutzschicht von 0,55 mm<\/strong>\u00a0, zweifache Acrylharzbeschichtung , hohe Kratz- und Fleckenbest\u00e4ndigkeit , sehr Pflegeleicht<\/li>\n<li><strong>Hochwertige Deckschicht 1 &#8211; 1,5 mm<\/strong>\u00a0, 100% reines Vinyl , perfekte Holz- und Steinimitationen , langlebig und formstabil<\/li>\n<li><strong>CoreTec Basistr\u00e4ger 5 mm<\/strong>\u00a0, Mischung aus Kalkstein, PVC und Holz , extrudierter wasserdichter Kern , formstabil und flexibel<\/li>\n<li><strong>Korkunterlage 1,5 mm<\/strong> , reiner europ\u00e4ischer Kork, gleicht Unebenheiten aus , optimale Schalld\u00e4mmung, wasserabweisende Eigenschaften<\/li>\n<\/ul>\n<p>&nbsp;<\/p>\n<p>Verf\u00fcgbares Zubeh\u00f6r :<\/p>\n<ul>\n<li>0065 Sockelleiste MDF Wei\u00df \u00a0lackierbar 10 x 58 x 2500 mm<\/li>\n<li>farblich passende Sockelleisten in 2 Formaten vom Hersteller<\/li>\n<li>diverse farblich passende End- und \u00dcbergangsschienen<\/li>\n<li>weiteres auf Anfrage<\/li>\n<\/ul>\n<p>&nbsp;<\/p>\n<p><span style=\"color: #ff0000;\"><b> <strong>Keine Lust einen Gutscheincode zu suchen um zu sparen?\u00a0<a href=\"http:\/\/www.fashion-wohntrend.de\/\">Hier bei Fashion-WohnTrend gibt es die Bodenbel\u00e4ge gleich mit Rabatten<\/a>!<\/strong><\/b><\/span><\/p>\n<p>Die Kollektion kehrt zum urspr\u00fcnglichen Parkett-Look zur\u00fcck und besteht aus einer Vielzahl von Dielen und Fliesen mit unterschiedlichen L\u00e4ngen und Breiten. Mehrere Dielen dieser neuen Kollektion sind mit 2 seitiger V-Fuge erh\u00e4ltlich, was bedeutet, dass sich nur an den L\u00e4ngsseiten der Dielen schr\u00e4ge Kanten befinden. Auf diese Weise erhalten Sie eine unglaublich authentische Opik wobei der Unterschied zu einem echten Parkettboden kaum zu sehen ist.<\/p>\n<p>Der Klick Vinyl von CoreTec ist ein patentierter Bodenbelag der ohne Akklimatisierung auf fast alle bestehenden Untergr\u00fcnde sofort verlegt werden kann. ( Fliesen, Parkett, Estrich usw). Er ist so dimensionsstabil das er \u00fcber 400 m\u00b2 ohne Dehnungsfuge verlegt werden kann. Sie ben\u00f6tigen also keine h\u00e4sslichen \u00dcbergangsschienen an T\u00fcren oder anderen \u00dcberg\u00e4ngen. Wenn Sie jedoch mehr als 400 m\u00b2 durch legen m\u00fcssen, bietet CoreTec diverse Profile in Bodenbelag Farbe \/ Dekor an.<\/p>\n<p>Der CoreTec Klick Vinylbodenbelag ist in allen Kollektionen extrem Robust, Kratzbest\u00e4ndig und Strapazierf\u00e4hig, und somit auch f\u00fcr gro\u00dfe Tiere und andere strapazierf\u00e4hige Varianten im Wohnbereich geeignet. Im Gewerbebereich darf dieser Bodenbelag im Gegensatz zu vielen anderen Vinylb\u00f6den auch im Friseursalon oder Nagelstudio verlegt werden.<\/p>\n<p>&nbsp;<\/p>\n<p class=\"font-claude-response-body break-words whitespace-normal leading-[1.7]\"><strong>Fairster Preis garantiert!<\/strong><\/p>\n<p class=\"font-claude-response-body break-words whitespace-normal leading-[1.7]\">Seit 1992 Ihr Spezialist f\u00fcr Premium-Bodenbel\u00e4ge. Durch unser optimiertes Gesch\u00e4ftsmodell bieten wir Ihnen garantiert die fairsten Preise in Deutschland \u2013 unsere Kunden best\u00e4tigen es!<\/p>\n<p class=\"font-claude-response-body break-words whitespace-normal leading-[1.7]\"><strong>WhatsApp-Beratung 24\/7: +49 1516 5175270<\/strong> <em>(Bitte nur Nachrichten \u2013 keine Anrufe)<\/em><\/p>\n<p class=\"font-claude-response-body break-words whitespace-normal leading-[1.7]\">Jederzeit pers\u00f6nliche Beratung und individuelle Angebote \u2013 schnell, kompetent und unschlagbar g\u00fcnstig.<\/p>\n<p class=\"font-claude-response-body break-words whitespace-normal leading-[1.7]\"><strong>Fashion-WohnTrend.de \u2013 Deutschlands fairste Bodenpreise seit \u00fcber 30 Jahren!<\/strong><\/p>\n<p>&nbsp;<\/p>\n<p>Bildmaterial (c) by <a href=\"https:\/\/www.fashion-wohntrend.de\/Design411-Design-411-Achat2-Achat-Steinoptik-Betonoptik-Textiloptik-Klich-klicken-geklickt-schwimmend-IPC-Designboden-Vinylboden-PVC-Vinyl-Designvinyl-Uelzen-Wittingen-Bodenteich.html\" target=\"_blank\" rel=\"noopener\">Fashion-WohnTrend<\/a><\/p>\n","protected":false},"excerpt":{"rendered":"<p><span style=\"color: #000000;\"><strong>CoreTec Essentials Klick Vinylboden mit patentierter Zusammenstellung und Korkunterlage<br \/>\n<\/strong>Farbe \/ Dekor: Greystone Oak 34 50-LVR-634 \/ CoreTec Essentials 2021 Kollektion<br \/>\nMa\u00dfangaben : 1830 x 228 x 8,5 mm<br \/>\nNutzschicht 0,55 mm + 2 Mal Antiscratch und UV Lackierung<br \/>\nVerlegeart : schwimmende Verlegung \/ Klick Vinyl inkl. Kork Unterlage<br \/>\nVPE : 1.970 m\u00b2<br \/>\n<\/span><\/p>\n<p>Achtung wir bauen die CoreTec USFloors Kollektionen in diesem Onlineshop in den n\u00e4chsten Monaten um!<\/p>\n<p>Mit einem Klick auf -&gt; <a href=\"https:\/\/www.fashion-wohntrend.de\/greystone-contempo-oak-34-50-lvr-634.html\"><span style=\"color: #000000;\">Greystone Oak 34 50-LVR-634<\/span><\/a><span style=\"color: #000000;\">\u00a0<\/span>&lt;- kommen Sie zu unserem Hauptshop und erhalten einen fairen CoreTec Preis zu ihrem Wunschbodenbelag und Bauprojekt. Dort finden Sie auch alle anderen CoreTec USFloors Kollektionen seit 2016 immer zum fairsten Preis.<\/p>\n","protected":false},"featured_media":2951,"comment_status":"open","ping_status":"closed","template":"","meta":{"neve_meta_sidebar":"","neve_meta_container":"","neve_meta_enable_content_width":"off","neve_meta_content_width":100,"neve_meta_title_alignment":"","neve_meta_author_avatar":"","neve_post_elements_order":"","neve_meta_disable_header":"","neve_meta_disable_footer":"","neve_meta_disable_title":"","_joinchat":[]},"product_brand":[],"product_cat":[238],"product_tag":[259,493,465,464,463,462,461,460,459,450,449,260,258,257,256,255,254,250,249,245,244,243],"class_list":{"0":"post-1524","1":"product","2":"type-product","3":"status-publish","4":"has-post-thumbnail","6":"product_cat-coretec-designvinyl-essentials-kollektion","7":"product_tag-friseur","8":"product_tag-50-lvr-634-greystone-oak-34","9":"product_tag-rigid-bodenbelag","10":"product_tag-wintergarten","11":"product_tag-fachhandel-coretec","12":"product_tag-usfloors-essentials","13":"product_tag-coretec-essentials","14":"product_tag-essentials-kollektion","15":"product_tag-essentials","16":"product_tag-feuchtraum","17":"product_tag-coretec-klickvinyl","18":"product_tag-nagelstudio","19":"product_tag-gewerbebereich","20":"product_tag-industriebereich","21":"product_tag-wohnbereich","22":"product_tag-designboden","23":"product_tag-designvinyl","24":"product_tag-vinylboden","25":"product_tag-fachmarkt-vinylboden","26":"product_tag-kork-unterlage","27":"product_tag-usfloors","28":"product_tag-coretec","30":"first","31":"instock","32":"sale","33":"taxable","34":"shipping-taxable","35":"purchasable","36":"product-type-simple"},"tiered_pricing_type":"fixed","tiered_pricing_fixed_rules":[],"tiered_pricing_product_settings":{"layout":"default","base_unit_name":{"singular":null,"plural":null},"default_variation":null},"tiered_pricing_minimum_quantity":null,"tiered_pricing_roles_data":[],"tiered_pricing_percentage_rules":[],"_links":{"self":[{"href":"https:\/\/designvinylboden.de\/index.php\/wp-json\/wp\/v2\/product\/1524","targetHints":{"allow":["GET"]}}],"collection":[{"href":"https:\/\/designvinylboden.de\/index.php\/wp-json\/wp\/v2\/product"}],"about":[{"href":"https:\/\/designvinylboden.de\/index.php\/wp-json\/wp\/v2\/types\/product"}],"replies":[{"embeddable":true,"href":"https:\/\/designvinylboden.de\/index.php\/wp-json\/wp\/v2\/comments?post=1524"}],"wp:featuredmedia":[{"embeddable":true,"href":"https:\/\/designvinylboden.de\/index.php\/wp-json\/wp\/v2\/media\/2951"}],"wp:attachment":[{"href":"https:\/\/designvinylboden.de\/index.php\/wp-json\/wp\/v2\/media?parent=1524"}],"wp:term":[{"taxonomy":"product_brand","embeddable":true,"href":"https:\/\/designvinylboden.de\/index.php\/wp-json\/wp\/v2\/product_brand?post=1524"},{"taxonomy":"product_cat","embeddable":true,"href":"https:\/\/designvinylboden.de\/index.php\/wp-json\/wp\/v2\/product_cat?post=1524"},{"taxonomy":"product_tag","embeddable":true,"href":"https:\/\/designvinylboden.de\/index.php\/wp-json\/wp\/v2\/product_tag?post=1524"}],"curies":[{"name":"wp","href":"https:\/\/api.w.org\/{rel}","templated":true}]}}