
{"id":1960,"date":"2022-06-02T11:12:42","date_gmt":"2022-06-02T11:12:42","guid":{"rendered":"http:\/\/desvin.coteam.de\/?post_type=product&#038;p=1960"},"modified":"2025-03-18T07:31:43","modified_gmt":"2025-03-18T07:31:43","slug":"enia-larix-matt-oak-fresh-kleben","status":"publish","type":"product","link":"https:\/\/designvinylboden.de\/index.php\/produkt\/enia-larix-matt-oak-fresh-kleben\/","title":{"rendered":"Enia Larix Matt Oak Fresh &#8211; Kleben"},"content":{"rendered":"<p>Enia Larix Matt Oak Fresh Vinylbodenbelag &#8211; Supermatter Designboden<br \/>\n&#8211; <span style=\"color: #800000;\">Enia steht f\u00fcr hochwertige Dekore und die Kollektion Larix f\u00fcr supermatte B\u00f6den <\/span>&#8211;<\/p>\n<p>Hier geht es zum\u00a0<a href=\"https:\/\/enia.esignserver1.com\/gallery.do\" target=\"_blank\" rel=\"noopener\">Enia Raumdesigner<\/a>\u00a0wenn Sie ihren Raum virtuell vorab verlegen m\u00f6chten<\/p>\n<p><strong><br \/>\n<\/strong><span style=\"color: #000000;\"><strong>Designboden Enia Flooring zum Verkleben<\/strong><\/span><\/p>\n<p><span style=\"color: #000000;\">Farbe\/Dekor : Oak Fresh 32550100<br \/>\nMa\u00dfe :1840 x 237 x 2,5 mm \/ Nutzschicht 0.55<br \/>\n3,489 m\u00b2 \/ VPE<br \/>\nVerlegeart : Kleben \/ Vollfl\u00e4chige Verklebung<br \/>\n<\/span><\/p>\n<p>&nbsp;<\/p>\n<p><strong>Produktinformationen:<\/strong><\/p>\n<ul>\n<li>MATRIX SUPER MATT Optik<\/li>\n<li>XXL Format mit Synchronpore<\/li>\n<li>Innovative light ABA droplank\u00ae Technologie<\/li>\n<li>4-seitige Microfase<\/li>\n<li>Wasserunempfindlich<\/li>\n<li>Format Holz: 1840 \u00d7 237 mm<\/li>\n<li>Oberfl\u00e4che: UV Coating<\/li>\n<li>Nutzschicht: 0.55 mm<\/li>\n<li>Rutschfestigkeit: R10<\/li>\n<li>Vinylboden Designboden Designvinyl<\/li>\n<\/ul>\n<p><strong>Einsatzgebiete<\/strong><br \/>\nEN 10582, Class 42 &#8211; Nutzung Leichtindustrie &#8211; normale Nutzung, EN 10582, Class 33 &#8211; Nutzung Gewerblich &#8211; starke Nutzung<\/p>\n<p><strong>Produkteaufbau<\/strong><br \/>\nHeterogen &#8211; Mehrschicht<\/p>\n<p><strong>Aufbau von Oben nach Unten :\u00a0<\/strong><\/p>\n<ul>\n<li>0.55 mm Nutzschicht mit UV-Coating und Synchronpore<\/li>\n<li>Hochwertige Druck-Oberfl\u00e4che<\/li>\n<li>2 Lagen Virgin-Vinyl<\/li>\n<\/ul>\n<p><strong>Brandklasse<\/strong><br \/>\nBfl-S1 \/ EN 13501-1<\/p>\n<p><strong>Formaldehydemission<\/strong><br \/>\nClass E1 \/ DIN EN 717-1<\/p>\n<p><strong>Rutschfestigkeit<\/strong><br \/>\nR10<\/p>\n<p><strong>Stuhlrolleneignung<\/strong><br \/>\nEN 425, Typ W geeignet<\/p>\n<p><strong>Trittschall Verbesserung<\/strong><br \/>\n4 db<\/p>\n<p><strong>W\u00e4rmedurchlasswiderstand<\/strong><br \/>\n0.040 m\u00b2 K\/W \/ EN 12667<\/p>\n<p><strong>Antistatik<\/strong><br \/>\n&lt; 2 kV \/ EN 1815<\/p>\n<p><strong>Innenraumluft-Emissionen<\/strong><br \/>\nA+<\/p>\n<p>Weitere Fragen beantworten wir Ihnen gerne per Mail, Telefon oder in unserem kleinen Ausstellungsraum<\/p>\n<p>Bildmaterial (c)<a href=\"https:\/\/www.usfloors.be\/?lang=de\">\u00a0<\/a><a href=\"https:\/\/www.enia-flooring.com\/duplexxxllarix\" target=\"_blank\" rel=\"noopener\">Enia Flooring\u00a0<\/a>und <a href=\"http:\/\/www.fashion-wohntrend.de\">Fashion-WohnTrend<\/a><\/p>\n","protected":false},"excerpt":{"rendered":"<p><span style=\"color: #000000;\"><strong>Designboden Enia Flooring zum Verkleben<\/strong><\/span><\/p>\n<p><span style=\"color: #000000;\">Farbe\/Dekor : Oak Fresh 32550100<br \/>\nMa\u00dfe :1840 x 237 x 2,5 mm \/ Nutzschicht 0.55<br \/>\n3,489 m\u00b2 \/ VPE<br \/>\nVerlegeart : Kleben \/ Vollfl\u00e4chige Verklebung<br \/>\n<\/span><\/p>\n","protected":false},"featured_media":1946,"comment_status":"open","ping_status":"closed","template":"","meta":{"neve_meta_sidebar":"","neve_meta_container":"","neve_meta_enable_content_width":"off","neve_meta_content_width":100,"neve_meta_title_alignment":"","neve_meta_author_avatar":"","neve_post_elements_order":"","neve_meta_disable_header":"","neve_meta_disable_footer":"","neve_meta_disable_title":"","_joinchat":[]},"product_brand":[],"product_cat":[636],"product_tag":[450,645,640,639,638,637,256,255,254,250,249],"class_list":{"0":"post-1960","1":"product","2":"type-product","3":"status-publish","4":"has-post-thumbnail","6":"product_cat-vinylbodenbelag-kollektion-larix-matter-geht-es-nicht","7":"product_tag-feuchtraum","8":"product_tag-klebe-vinylboden","9":"product_tag-supermatt","10":"product_tag-matt","11":"product_tag-oak-fresh-34550-100","12":"product_tag-enia","13":"product_tag-wohnbereich","14":"product_tag-designboden","15":"product_tag-designvinyl","16":"product_tag-vinylboden","17":"product_tag-fachmarkt-vinylboden","19":"first","20":"instock","21":"taxable","22":"shipping-taxable","23":"purchasable","24":"product-type-simple"},"tiered_pricing_type":"fixed","tiered_pricing_fixed_rules":[],"tiered_pricing_product_settings":{"layout":"default","base_unit_name":{"singular":null,"plural":null},"default_variation":null},"tiered_pricing_minimum_quantity":null,"tiered_pricing_roles_data":[],"tiered_pricing_percentage_rules":[],"_links":{"self":[{"href":"https:\/\/designvinylboden.de\/index.php\/wp-json\/wp\/v2\/product\/1960","targetHints":{"allow":["GET"]}}],"collection":[{"href":"https:\/\/designvinylboden.de\/index.php\/wp-json\/wp\/v2\/product"}],"about":[{"href":"https:\/\/designvinylboden.de\/index.php\/wp-json\/wp\/v2\/types\/product"}],"replies":[{"embeddable":true,"href":"https:\/\/designvinylboden.de\/index.php\/wp-json\/wp\/v2\/comments?post=1960"}],"wp:featuredmedia":[{"embeddable":true,"href":"https:\/\/designvinylboden.de\/index.php\/wp-json\/wp\/v2\/media\/1946"}],"wp:attachment":[{"href":"https:\/\/designvinylboden.de\/index.php\/wp-json\/wp\/v2\/media?parent=1960"}],"wp:term":[{"taxonomy":"product_brand","embeddable":true,"href":"https:\/\/designvinylboden.de\/index.php\/wp-json\/wp\/v2\/product_brand?post=1960"},{"taxonomy":"product_cat","embeddable":true,"href":"https:\/\/designvinylboden.de\/index.php\/wp-json\/wp\/v2\/product_cat?post=1960"},{"taxonomy":"product_tag","embeddable":true,"href":"https:\/\/designvinylboden.de\/index.php\/wp-json\/wp\/v2\/product_tag?post=1960"}],"curies":[{"name":"wp","href":"https:\/\/api.w.org\/{rel}","templated":true}]}}