
{"id":2002,"date":"2022-06-02T13:53:03","date_gmt":"2022-06-02T13:53:03","guid":{"rendered":"http:\/\/desvin.coteam.de\/?post_type=product&#038;p=2002"},"modified":"2025-03-18T07:46:06","modified_gmt":"2025-03-18T07:46:06","slug":"enia-adoria-2-0-oak-grey-middle-kleben","status":"publish","type":"product","link":"https:\/\/designvinylboden.de\/index.php\/produkt\/enia-adoria-2-0-oak-grey-middle-kleben\/","title":{"rendered":"Enia Adoria 2.0 Oak Grey Middle &#8211; Kleben"},"content":{"rendered":"<p>Enia Adoria 2.0 Oak Grey Middle Vinylbodenbelag\u00a0 Matter Vinylbodenbelag<br \/>\n&#8211; <span style=\"color: #800000;\">Enia steht f\u00fcr hochwertige Dekore und die Kollektion Adoria 2.0 f\u00fcr matte bezahlbare B\u00f6den <\/span>&#8211;<\/p>\n<p>Hier geht es zum\u00a0<a href=\"https:\/\/enia.esignserver1.com\/gallery.do\" target=\"_blank\" rel=\"noopener\">Enia Raumdesigner<\/a>\u00a0wenn Sie ihren Raum virtuell vorab verlegen m\u00f6chten<\/p>\n<p><strong><br \/>\n<\/strong><span style=\"color: #000000;\"><strong>Designboden Enia Flooring Adoria 2.0 zum Verkleben<\/strong><\/span><\/p>\n<p><span style=\"color: #000000;\">Farbe\/Dekor : Oak Grey Middle \/ 32150280<br \/>\nMa\u00dfe : 1127 x 187 x 2 mm \/ Nutzschicht 0.30<br \/>\n3,671 m\u00b2 \/ VPE<br \/>\nVerlegeart : Kleben \/ Vollfl\u00e4chige Verklebung<br \/>\n<\/span><\/p>\n<p>&nbsp;<\/p>\n<p><strong>Produktinformationen:<\/strong><\/p>\n<ul>\n<li>Matte Oberfl\u00e4che<\/li>\n<li>4-seitige Microfase<\/li>\n<li>Wasserunempfindlich<\/li>\n<li>Format Holz: 1127 \u00d7 187 mm<\/li>\n<li>Oberfl\u00e4che: UV Coating<\/li>\n<li>Nutzschicht: 0.30 mm<\/li>\n<li>Enorme Strapazierf\u00e4higkeit<\/li>\n<li>Phthalatfrei<\/li>\n<li>Rutschfestigkeit: R10<\/li>\n<li>Vinylboden Designboden Designvinyl<\/li>\n<\/ul>\n<p><strong>Einsatzgebiete<\/strong><br \/>\nEN 685, Class 23 &#8211; Nutzung im Wohnbereich &#8211; starke Nutzung<br \/>\nEN 685, Class 31 &#8211; Objektbereich &#8211; m\u00e4ssiger Publikumsverkehr<\/p>\n<p><strong>Produkteaufbau<\/strong><br \/>\nHeterogen &#8211; Mehrschicht<\/p>\n<p><strong>Aufbau von Oben nach Unten :\u00a0<\/strong><\/p>\n<ul>\n<li>PU-Beschichtung 0.30 mm mit UV-Coating und Synchronpore<\/li>\n<li>Hochwertige Druck-Oberfl\u00e4che<\/li>\n<li>Virgin-Vinyl<\/li>\n<\/ul>\n<p><strong>Verlegem\u00f6glichkeiten \/ Verlegung<\/strong><br \/>\nvollfl\u00e4chige Verklebung<\/p>\n<p><strong>Zusammensetzung<\/strong><br \/>\nLVT<\/p>\n<p><strong>Brandklasse<\/strong><br \/>\nBfl-S1 \/ EN 13501-1<\/p>\n<p><strong>Formaldehydemission<\/strong><br \/>\nClass E1 \/ DIN EN 717-1<\/p>\n<p><strong>Rutschfestigkeit<\/strong><br \/>\nR10<\/p>\n<p><strong>Stuhlrolleneignung<\/strong><br \/>\nEN 425, Typ W geeignet<\/p>\n<p><strong>Abnutzungs-Resistenz<\/strong><br \/>\nAC5 EN13329<\/p>\n<p><strong>Trittschall Verbesserung<\/strong><br \/>\n4db \/ ISO 10140-1 ISO 717-2<\/p>\n<p><strong>W\u00e4rmedurchlasswiderstand<\/strong><br \/>\n0.039 m\u00b2 K\/W \/ EN 12667<\/p>\n<p><strong>Antistatik<\/strong><br \/>\n&lt; 2 kV \/ EN 1815<\/p>\n<p>Weitere Fragen beantworten wir Ihnen gerne per Mail, Telefon oder in unserem kleinen Ausstellungsraum<\/p>\n<p>Bildmaterial (c)<a href=\"https:\/\/www.usfloors.be\/?lang=de\">\u00a0<\/a><a href=\"https:\/\/www.enia-flooring.com\/duplexxxllarix\" target=\"_blank\" rel=\"noopener\">Enia Flooring\u00a0<\/a>und <a href=\"http:\/\/www.fashion-wohntrend.de\">Fashion-WohnTrend<\/a><\/p>\n","protected":false},"excerpt":{"rendered":"<p><span style=\"color: #000000;\"><strong>Designboden Enia Flooring Adoria 2.0 zum Verkleben<\/strong><\/span><\/p>\n<p><span style=\"color: #000000;\">Farbe\/Dekor : Oak Grey Middle \/ 32150280<br \/>\nMa\u00dfe : 1127 x 187 x 2 mm \/ Nutzschicht 0.30<br \/>\n3,671 m\u00b2 \/ VPE<br \/>\nVerlegeart : Kleben \/ Vollfl\u00e4chige Verklebung<br \/>\n<\/span><\/p>\n","protected":false},"featured_media":2003,"comment_status":"open","ping_status":"closed","template":"","meta":{"neve_meta_sidebar":"","neve_meta_container":"","neve_meta_enable_content_width":"off","neve_meta_content_width":100,"neve_meta_title_alignment":"","neve_meta_author_avatar":"","neve_post_elements_order":"","neve_meta_disable_header":"","neve_meta_disable_footer":"","neve_meta_disable_title":"","_joinchat":[]},"product_brand":[],"product_cat":[653],"product_tag":[450,665,654,645,639,637,256,255,254,250,249],"class_list":{"0":"post-2002","1":"product","2":"type-product","3":"status-publish","4":"has-post-thumbnail","6":"product_cat-vinylbodenbelag-kollektion-audoria20-matter-vinylboden","7":"product_tag-feuchtraum","8":"product_tag-oak-grey-middle-32150280","9":"product_tag-adoria-2-0","10":"product_tag-klebe-vinylboden","11":"product_tag-matt","12":"product_tag-enia","13":"product_tag-wohnbereich","14":"product_tag-designboden","15":"product_tag-designvinyl","16":"product_tag-vinylboden","17":"product_tag-fachmarkt-vinylboden","19":"first","20":"instock","21":"taxable","22":"shipping-taxable","23":"purchasable","24":"product-type-simple"},"tiered_pricing_type":"fixed","tiered_pricing_fixed_rules":[],"tiered_pricing_product_settings":{"layout":"default","base_unit_name":{"singular":null,"plural":null},"default_variation":null},"tiered_pricing_minimum_quantity":null,"tiered_pricing_roles_data":[],"tiered_pricing_percentage_rules":[],"_links":{"self":[{"href":"https:\/\/designvinylboden.de\/index.php\/wp-json\/wp\/v2\/product\/2002","targetHints":{"allow":["GET"]}}],"collection":[{"href":"https:\/\/designvinylboden.de\/index.php\/wp-json\/wp\/v2\/product"}],"about":[{"href":"https:\/\/designvinylboden.de\/index.php\/wp-json\/wp\/v2\/types\/product"}],"replies":[{"embeddable":true,"href":"https:\/\/designvinylboden.de\/index.php\/wp-json\/wp\/v2\/comments?post=2002"}],"wp:featuredmedia":[{"embeddable":true,"href":"https:\/\/designvinylboden.de\/index.php\/wp-json\/wp\/v2\/media\/2003"}],"wp:attachment":[{"href":"https:\/\/designvinylboden.de\/index.php\/wp-json\/wp\/v2\/media?parent=2002"}],"wp:term":[{"taxonomy":"product_brand","embeddable":true,"href":"https:\/\/designvinylboden.de\/index.php\/wp-json\/wp\/v2\/product_brand?post=2002"},{"taxonomy":"product_cat","embeddable":true,"href":"https:\/\/designvinylboden.de\/index.php\/wp-json\/wp\/v2\/product_cat?post=2002"},{"taxonomy":"product_tag","embeddable":true,"href":"https:\/\/designvinylboden.de\/index.php\/wp-json\/wp\/v2\/product_tag?post=2002"}],"curies":[{"name":"wp","href":"https:\/\/api.w.org\/{rel}","templated":true}]}}