
{"id":2044,"date":"2022-06-02T15:06:17","date_gmt":"2022-06-02T15:06:17","guid":{"rendered":"http:\/\/desvin.coteam.de\/?post_type=product&#038;p=2044"},"modified":"2025-03-18T07:43:27","modified_gmt":"2025-03-18T07:43:27","slug":"enia-adoria-2-0-slate-dark-klick","status":"publish","type":"product","link":"https:\/\/designvinylboden.de\/index.php\/produkt\/enia-adoria-2-0-slate-dark-klick\/","title":{"rendered":"Enia Adoria 2.0 Slate Dark &#8211; Klick"},"content":{"rendered":"<p>Enia Adoria 2.0 Vinylbodenbelag\u00a0 Matter Vinylbodenbelag<br \/>\n&#8211; <span style=\"color: #800000;\">Enia steht f\u00fcr hochwertige Dekore und die Kollektion Adoria 2.0 f\u00fcr matte bezahlbare B\u00f6den <\/span>&#8211;<\/p>\n<p>Hier geht es zum\u00a0<a href=\"https:\/\/enia.esignserver1.com\/gallery.do\" target=\"_blank\" rel=\"noopener\">Enia Raumdesigner<\/a>\u00a0wenn Sie ihren Raum virtuell vorab verlegen m\u00f6chten<\/p>\n<p><strong><br \/>\n<\/strong><span style=\"color: #000000;\"><strong>Designboden Enia Flooring Adoria 2.0 zum Klicken<\/strong><\/span><\/p>\n<p><span style=\"color: #000000;\">Farbe\/Dekor : Slate Dark \/ 34150880<br \/>\nMa\u00dfe : 610 x 305 x 4,5 mm \/ Nutzschicht 0.30<br \/>\n2,233 m\u00b2 \/ VPE<br \/>\nVerlegeart : Klicken \/ schwimmende Verlegung<br \/>\n<\/span><span style=\"color: #000000;\">\u00a0<\/span><\/p>\n<p>&nbsp;<\/p>\n<p><strong>Produktinformationen:<\/strong><\/p>\n<ul>\n<li>Matte Oberfl\u00e4che<\/li>\n<li>4-seitige Microfase<\/li>\n<li>Wasserunempfindlich<\/li>\n<li>Format Stein: ca 610 x 305 mm<\/li>\n<li>Oberfl\u00e4che: UV Coating<\/li>\n<li>Nutzschicht: 0.30 mm<\/li>\n<li>Enorme Strapazierf\u00e4higkeit<\/li>\n<li>Phthalatfrei<\/li>\n<li>Rutschfestigkeit: R10<\/li>\n<li>Vinylboden Designboden Designvinyl<\/li>\n<\/ul>\n<div class=\"_2GUhU\"><\/div>\n<p><strong>Einsatzgebiete<\/strong><br \/>\nEN 685, Class 23 &#8211; Nutzung im Wohnbereich &#8211; starke Nutzung<br \/>\nEN 685, Class 31 &#8211; Objektbereich &#8211; m\u00e4ssiger Publikumsverkehr<\/p>\n<p><strong>Produkteaufbau<\/strong><br \/>\nHeterogen &#8211; Mehrschicht<\/p>\n<p><strong>Verbindung<\/strong><br \/>\nV\u00e4linge 2G<\/p>\n<p><strong>Aufbau von oben nach unten :<\/strong><\/p>\n<ul>\n<li>PU-Beschichtung 0.30 mm mit UV-Coating und Synchronpore<\/li>\n<li>Hochwertige Druck-Oberfl\u00e4che<\/li>\n<li>droplank\u00ae wasserfeste Tr\u00e4gerplatte mit 2G Click-Verbindung<\/li>\n<li>1.0 mm D\u00e4mmunterlage<\/li>\n<\/ul>\n<p><strong>Brandklasse<\/strong><br \/>\nBfl-S1 \/ EN 13501-1<\/p>\n<p><strong>Formaldehydemission<\/strong><br \/>\nClass E1 \/ DIN EN 717-1<\/p>\n<p><strong>Rutschfestigkeit<\/strong><br \/>\nR10<\/p>\n<p><strong>Stuhlrolleneignung<\/strong><br \/>\nEN 425, Typ W geeignet<\/p>\n<p><strong>Abnutzungs-Resistenz<\/strong><br \/>\nAC5 EN13329<\/p>\n<p><strong>Trittschall Verbesserung<\/strong><br \/>\n16db \/ ISO 10140-1 ISO 717-2<\/p>\n<p><strong>W\u00e4rmedurchlasswiderstand<\/strong><br \/>\n0.039 m\u00b2 K\/W \/ EN 12667<\/p>\n<p><strong>Antistatik<\/strong><br \/>\n&lt; 2 kV \/ EN 1815<\/p>\n<div><\/div>\n<div class=\"\" data-mesh-id=\"comp-kqusv3gdinlineContent\" data-testid=\"inline-content\">\n<div data-mesh-id=\"comp-kqusv3gdinlineContent-gridContainer\" data-testid=\"mesh-container-content\">\n<div id=\"comp-kqusv3gp\" class=\"_2GqI3\">\n<div class=\"_1Bme7\" role=\"grid\">\n<div class=\"_3Rcdf\" role=\"row\">\n<div class=\"_1ozXL\" role=\"gridcell\">\n<div id=\"comp-kqusv3gu2__item-kmq6pb69\" class=\"_1vNJf\">\n<div class=\"\" data-mesh-id=\"comp-kqusv3gu2__item-kmq6pb69inlineContent\" data-testid=\"inline-content\">\n<div data-mesh-id=\"comp-kqusv3gu2__item-kmq6pb69inlineContent-gridContainer\" data-testid=\"mesh-container-content\"><\/div>\n<\/div>\n<\/div>\n<\/div>\n<\/div>\n<\/div>\n<\/div>\n<\/div>\n<\/div>\n<p>Weitere Fragen beantworten wir Ihnen gerne per Mail, Telefon oder in unserem kleinen Ausstellungsraum<\/p>\n<p>Bildmaterial (c)<a href=\"https:\/\/www.usfloors.be\/?lang=de\">\u00a0<\/a><a href=\"https:\/\/www.enia-flooring.com\/duplexxxllarix\" target=\"_blank\" rel=\"noopener\">Enia Flooring\u00a0<\/a>und <a href=\"http:\/\/www.fashion-wohntrend.de\">Fashion-WohnTrend<\/a><\/p>\n","protected":false},"excerpt":{"rendered":"<p><span style=\"color: #000000;\"><strong>Designboden Enia Flooring Adoria 2.0 zum Klicken<\/strong><\/span><\/p>\n<p><span style=\"color: #000000;\">Farbe\/Dekor : Slate Dark \/ 34150880<br \/>\nMa\u00dfe : 610 x 305 x 4,5 mm \/ Nutzschicht 0.30<br \/>\n2,233 m\u00b2 \/ VPE<br \/>\nVerlegeart : Klicken \/ schwimmende Verlegung<br \/>\n<\/span><span style=\"color: #000000;\">\u00a0<\/span><\/p>\n","protected":false},"featured_media":2023,"comment_status":"open","ping_status":"closed","template":"","meta":{"neve_meta_sidebar":"","neve_meta_container":"","neve_meta_enable_content_width":"off","neve_meta_content_width":100,"neve_meta_title_alignment":"","neve_meta_author_avatar":"","neve_post_elements_order":"","neve_meta_disable_header":"","neve_meta_disable_footer":"","neve_meta_disable_title":"","_joinchat":[]},"product_brand":[],"product_cat":[653],"product_tag":[256,688,672,654,639,637,450,255,254,250,249,119,33],"class_list":{"0":"post-2044","1":"product","2":"type-product","3":"status-publish","4":"has-post-thumbnail","6":"product_cat-vinylbodenbelag-kollektion-audoria20-matter-vinylboden","7":"product_tag-wohnbereich","8":"product_tag-slate-dark-34150880","9":"product_tag-unterlage-daemmunterlage","10":"product_tag-adoria-2-0","11":"product_tag-matt","12":"product_tag-enia","13":"product_tag-feuchtraum","14":"product_tag-designboden","15":"product_tag-designvinyl","16":"product_tag-vinylboden","17":"product_tag-fachmarkt-vinylboden","18":"product_tag-schwimmende-verlegung","19":"product_tag-klick-vinylboden","21":"first","22":"instock","23":"taxable","24":"shipping-taxable","25":"purchasable","26":"product-type-simple"},"tiered_pricing_type":"fixed","tiered_pricing_fixed_rules":[],"tiered_pricing_product_settings":{"layout":"default","base_unit_name":{"singular":null,"plural":null},"default_variation":null},"tiered_pricing_minimum_quantity":null,"tiered_pricing_roles_data":[],"tiered_pricing_percentage_rules":[],"_links":{"self":[{"href":"https:\/\/designvinylboden.de\/index.php\/wp-json\/wp\/v2\/product\/2044","targetHints":{"allow":["GET"]}}],"collection":[{"href":"https:\/\/designvinylboden.de\/index.php\/wp-json\/wp\/v2\/product"}],"about":[{"href":"https:\/\/designvinylboden.de\/index.php\/wp-json\/wp\/v2\/types\/product"}],"replies":[{"embeddable":true,"href":"https:\/\/designvinylboden.de\/index.php\/wp-json\/wp\/v2\/comments?post=2044"}],"wp:featuredmedia":[{"embeddable":true,"href":"https:\/\/designvinylboden.de\/index.php\/wp-json\/wp\/v2\/media\/2023"}],"wp:attachment":[{"href":"https:\/\/designvinylboden.de\/index.php\/wp-json\/wp\/v2\/media?parent=2044"}],"wp:term":[{"taxonomy":"product_brand","embeddable":true,"href":"https:\/\/designvinylboden.de\/index.php\/wp-json\/wp\/v2\/product_brand?post=2044"},{"taxonomy":"product_cat","embeddable":true,"href":"https:\/\/designvinylboden.de\/index.php\/wp-json\/wp\/v2\/product_cat?post=2044"},{"taxonomy":"product_tag","embeddable":true,"href":"https:\/\/designvinylboden.de\/index.php\/wp-json\/wp\/v2\/product_tag?post=2044"}],"curies":[{"name":"wp","href":"https:\/\/api.w.org\/{rel}","templated":true}]}}