
{"id":2701,"date":"2023-04-24T08:51:45","date_gmt":"2023-04-24T08:51:45","guid":{"rendered":"http:\/\/desvin.coteam.de\/?post_type=product&#038;p=2701"},"modified":"2025-03-18T07:49:39","modified_gmt":"2025-03-18T07:49:39","slug":"enia-mellau-vinylboden-concrete-grey-dark-klickvinyl","status":"publish","type":"product","link":"https:\/\/designvinylboden.de\/index.php\/produkt\/enia-mellau-vinylboden-concrete-grey-dark-klickvinyl\/","title":{"rendered":"Enia Mellau Vinylboden Concrete Grey Dark &#8211; KlickVinyl"},"content":{"rendered":"<p>Enia Duplex XXL M&amp;M Vinylbodenbelag<br \/>\n&#8211; <span style=\"color: #800000;\">Enia steht f\u00fcr hochwertige Dekore und die Kollektion Mellau Duplex XXL f\u00fcr bezahlbare Bodenbel\u00e4ge <\/span>&#8211;<\/p>\n<p>Hier geht es zum\u00a0<a href=\"https:\/\/enia.esignserver1.com\/gallery.do\" target=\"_blank\" rel=\"noopener\">Enia Raumdesigner<\/a>\u00a0wenn Sie ihren Raum virtuell vorab verlegen m\u00f6chten<\/p>\n<p><strong><br \/>\n<\/strong><span style=\"color: #000000;\"><strong>Designboden Enia Flooring Mellau zum Klicken<\/strong><\/span><\/p>\n<p><span style=\"color: #000000;\">Farbe\/Dekor :\u00a0 Concrete Grey Dark <\/span><span style=\"color: #000000;\">\/ 34250930<br \/>\nMa\u00dfe :914 x 457 x 5,5 mm \/ Nutzschicht 0.55<br \/>\n2,506 m\u00b2 \/ VPE<br \/>\nVerlegeart : schwimmende Verlegung \/ Klick Vinylbodenbelag<br \/>\n<span style=\"color: #ff0000;\">inklusive Unterlage\u00a0<\/span><br \/>\n<\/span><\/p>\n<p>&nbsp;<\/p>\n<p><strong>Produktinformationen:<\/strong><\/p>\n<ul>\n<li>XXL Formate<\/li>\n<li>Tuchmatte Oberfl\u00e4che<\/li>\n<li>4-seitige Microfase<\/li>\n<li>Wasserunempfindlich<\/li>\n<li>Sehr pflegeleicht<\/li>\n<li>Format Stein: 914 x 457 mm<\/li>\n<li>Oberfl\u00e4che: UV Coating<\/li>\n<li>Nutzschicht: 0.55 mm<\/li>\n<li>Enorme Strapazierf\u00e4higkeit<\/li>\n<li>Phthalatfrei<\/li>\n<li>Rutschfestigkeit: R10<\/li>\n<\/ul>\n<div class=\"_2GUhU\"><\/div>\n<p><strong>Einsatzgebiete<br \/>\n<\/strong>Wohnen, Gewerbe<\/p>\n<p><strong>Kanten<\/strong><br \/>\nMicrofase 4-seitig<\/p>\n<p><strong>Verlegem\u00f6glichkeiten \/ Verlegung<\/strong><br \/>\nschwimmende Verlegung Klick Vinyl \/ Laminat<\/p>\n<p><strong>Brandklasse<\/strong><br \/>\nBfl-S1 \/ EN 13501-1<\/p>\n<p><strong>Formaldehydemission<\/strong><br \/>\nClass E1 \/ DIN EN 717-1<\/p>\n<p><strong>Rutschfestigkeit<\/strong><br \/>\nR10<\/p>\n<p><strong>Stuhlrolleneignung<\/strong><br \/>\nEN 425, Typ W geeignet<\/p>\n<p>&nbsp;<\/p>\n<div>\n<p><strong>Aufbau von Oben nach Unten :\u00a0<\/strong><\/p>\n<ul>\n<li>PU-Beschichtung 0.55 mm mit UV-Coating<\/li>\n<li>Hochwertige Druck-Oberfl\u00e4che<\/li>\n<li>droplank\u00ae wasserfeste Tr\u00e4gerplatte mit 5G Click-Verbindung<\/li>\n<li>1.0 mm D\u00e4mmunterlage<\/li>\n<\/ul>\n<\/div>\n<div class=\"\" data-mesh-id=\"comp-kqusv3gdinlineContent\" data-testid=\"inline-content\">\n<div data-mesh-id=\"comp-kqusv3gdinlineContent-gridContainer\" data-testid=\"mesh-container-content\">\n<div id=\"comp-kqusv3gp\" class=\"_2GqI3\">\n<div class=\"_1Bme7\" role=\"grid\">\n<div class=\"_3Rcdf\" role=\"row\">\n<div class=\"_1ozXL\" role=\"gridcell\">\n<div id=\"comp-kqusv3gu2__item-kmq6pb69\" class=\"_1vNJf\">\n<div class=\"\" data-mesh-id=\"comp-kqusv3gu2__item-kmq6pb69inlineContent\" data-testid=\"inline-content\">\n<div data-mesh-id=\"comp-kqusv3gu2__item-kmq6pb69inlineContent-gridContainer\" data-testid=\"mesh-container-content\"><\/div>\n<\/div>\n<\/div>\n<\/div>\n<\/div>\n<\/div>\n<\/div>\n<\/div>\n<\/div>\n<p>Weitere Fragen beantworten wir Ihnen gerne per Mail, Telefon oder in unserem kleinen Ausstellungsraum<\/p>\n<p>Bildmaterial (c)<a href=\"https:\/\/www.usfloors.be\/?lang=de\">\u00a0<\/a><a href=\"https:\/\/www.enia-flooring.com\/duplexxxllarix\" target=\"_blank\" rel=\"noopener\">Enia Flooring\u00a0<\/a>und <a href=\"http:\/\/www.fashion-wohntrend.de\">Fashion-WohnTrend<\/a><\/p>\n","protected":false},"excerpt":{"rendered":"<p><span style=\"color: #000000;\"><strong>Designboden Enia Flooring Mellau zum Klicken<\/strong><\/span><\/p>\n<p><span style=\"color: #000000;\">Farbe\/Dekor : Concrete Grey Dark \/ 34250930<br \/>\nMa\u00dfe :914 x 457 x 5,5 mm \/ Nutzschicht 0.55<br \/>\n2,506 m\u00b2 \/ VPE<br \/>\nVerlegeart : schwimmende Verlegung \/ Klick Vinylbodenbelag<br \/>\n<span style=\"color: #ff0000;\">inklusive Unterlage\u00a0<\/span><br \/>\n<\/span><\/p>\n","protected":false},"featured_media":2676,"comment_status":"open","ping_status":"closed","template":"","meta":{"neve_meta_sidebar":"","neve_meta_container":"","neve_meta_enable_content_width":"off","neve_meta_content_width":100,"neve_meta_title_alignment":"","neve_meta_author_avatar":"","neve_post_elements_order":"","neve_meta_disable_header":"","neve_meta_disable_footer":"","neve_meta_disable_title":"","_joinchat":[]},"product_brand":[],"product_cat":[873],"product_tag":[450,904,899,898,897,888,870,672,639,637,256,255,254,250,249,162,120,119,117],"class_list":{"0":"post-2701","1":"product","2":"type-product","3":"status-publish","4":"has-post-thumbnail","6":"product_cat-vinylbodenbelag-kollektion-duplex-xxl","7":"product_tag-feuchtraum","8":"product_tag-oncrete-grey-dark-34250930","9":"product_tag-fliesendekor","10":"product_tag-steindekor","11":"product_tag-xxl-fliese","12":"product_tag-mellau","13":"product_tag-duplex-xxl","14":"product_tag-unterlage-daemmunterlage","15":"product_tag-matt","16":"product_tag-enia","17":"product_tag-wohnbereich","18":"product_tag-designboden","19":"product_tag-designvinyl","20":"product_tag-vinylboden","21":"product_tag-fachmarkt-vinylboden","22":"product_tag-klick-vinyl","23":"product_tag-unterlage","24":"product_tag-schwimmende-verlegung","25":"product_tag-klick-laminat","27":"first","28":"instock","29":"taxable","30":"shipping-taxable","31":"purchasable","32":"product-type-simple"},"tiered_pricing_type":"fixed","tiered_pricing_fixed_rules":[],"tiered_pricing_product_settings":{"layout":"default","base_unit_name":{"singular":null,"plural":null},"default_variation":null},"tiered_pricing_minimum_quantity":null,"tiered_pricing_roles_data":[],"tiered_pricing_percentage_rules":[],"_links":{"self":[{"href":"https:\/\/designvinylboden.de\/index.php\/wp-json\/wp\/v2\/product\/2701","targetHints":{"allow":["GET"]}}],"collection":[{"href":"https:\/\/designvinylboden.de\/index.php\/wp-json\/wp\/v2\/product"}],"about":[{"href":"https:\/\/designvinylboden.de\/index.php\/wp-json\/wp\/v2\/types\/product"}],"replies":[{"embeddable":true,"href":"https:\/\/designvinylboden.de\/index.php\/wp-json\/wp\/v2\/comments?post=2701"}],"wp:featuredmedia":[{"embeddable":true,"href":"https:\/\/designvinylboden.de\/index.php\/wp-json\/wp\/v2\/media\/2676"}],"wp:attachment":[{"href":"https:\/\/designvinylboden.de\/index.php\/wp-json\/wp\/v2\/media?parent=2701"}],"wp:term":[{"taxonomy":"product_brand","embeddable":true,"href":"https:\/\/designvinylboden.de\/index.php\/wp-json\/wp\/v2\/product_brand?post=2701"},{"taxonomy":"product_cat","embeddable":true,"href":"https:\/\/designvinylboden.de\/index.php\/wp-json\/wp\/v2\/product_cat?post=2701"},{"taxonomy":"product_tag","embeddable":true,"href":"https:\/\/designvinylboden.de\/index.php\/wp-json\/wp\/v2\/product_tag?post=2701"}],"curies":[{"name":"wp","href":"https:\/\/api.w.org\/{rel}","templated":true}]}}