
{"id":2822,"date":"2024-02-07T04:18:06","date_gmt":"2024-02-07T04:18:06","guid":{"rendered":"http:\/\/desvin.coteam.de\/?post_type=product&#038;p=2822"},"modified":"2026-03-05T08:43:36","modified_gmt":"2026-03-05T08:43:36","slug":"coretec-surplus-klick-vinylboden-graphic-93-50-rlv-3893","status":"publish","type":"product","link":"https:\/\/designvinylboden.de\/index.php\/produkt\/coretec-surplus-klick-vinylboden-graphic-93-50-rlv-3893\/","title":{"rendered":"CoreTec SurPlus Klick Vinylboden Graphic 93 50 RLV 3893"},"content":{"rendered":"<p><strong>CoreTec SurPlus Klick Vinylboden Graphic 93 50 RLV 3893 <\/strong><strong>mit Korkunterlage und Lifetime<\/strong><br \/>\n&#8211; <span style=\"color: #800000;\">patentierter Core Tr\u00e4ger f\u00fcr Verlegung auf vielen Untergr\u00fcnden und 400 m\u00b2 ohne Dehnungsfuge\u00a0 <\/span>&#8211;<br \/>\nder beste CoreTec Preis in DE\u00a0<img decoding=\"async\" src=\"https:\/\/fashion-wohntrend.de\/deutschland.png\" alt=\"\" \/> seit 2016 mit pers\u00f6nlichen Angebot<\/p>\n<p><strong><br \/>\n<\/strong><span style=\"color: #000000;\"><strong>CoreTec SurPlus Klick Vinylboden mit patentierter Zusammenstellung und Korkunterlage<br \/>\n<\/strong><strong>Rigid Klick Designbelag CoreTec Surplus\u00a0<\/strong><br \/>\nDekor Graphic 93 50 RLV 3893<br \/>\nMa\u00dfe : 122 x 18,30 cm \/\u00a05 mm Aufbauh\u00f6he \/ Nutzschicht 0,55 mm<br \/>\nVPE 2,68 m\u00b2<\/span><\/p>\n<p><strong>Spezifikationen:<\/strong><\/p>\n<ul>\n<li>geklebte Korkunterlage<\/li>\n<li>geeignet f\u00fcr\u00a0Hotel &amp; Pension , Objekt &amp; B\u00fcro<\/li>\n<li>Geeignet f\u00fcr Haustiere , Kratzfest , Markenqualit\u00e4t , Natural Look , Pflegeleicht , leicht zu verlegen , trittschall- und ger\u00e4uschd\u00e4mmend<\/li>\n<li>100% Polyvinylchlorid<\/li>\n<li>Rutschhemmung R10<\/li>\n<li>Brandschutzklasse Bfl S1<\/li>\n<li>Trittschall ca 17 dB<\/li>\n<li>Rutschhemmung DS R10<\/li>\n<li>Fu\u00dfbodenheizung geeignet<\/li>\n<li>Verlegung bis zu 400m\u00b2 ohne Dehnungsfuge m\u00f6glich<\/li>\n<li>extrem stabil und kratzbest\u00e4ndig,problemlos bei Haustieren<\/li>\n<li>Einsatz im Gewerbebereich m\u00f6glich<\/li>\n<\/ul>\n<p>&nbsp;<\/p>\n<p>Passt immer zu ihren Stil denn Coretec ist ein Vinylbodenbelag f\u00fcr das echte Leben.<br \/>\nextrem stabil &#8211; schalld\u00e4mmend &#8211; abriebfest<\/p>\n<p>Wir bestellen f\u00fcr Sie gerne beim Hersteller CoreTec vorab ein Muster, unsere Empfehlung A4 Musterplatten x 2 f\u00fcr 15,00\u20ac inklusive Steuer und Versand direkt vom Hersteller.<br \/>\nBei A4 Musterplatten, k\u00f6nnen Sie dann auch etwas erkennen und mit dem Licht in ihren Raum spielen.<\/p>\n<p>COREtec Rigid-Vinyl kostenloses und unverbindliches Angebot per Mail f\u00fcr ihr Bauprojekt anfordern<\/p>\n<p><strong>CoreTec Fachh\u00e4ndler seit 2016. Unsere Bewertungen sprechen f\u00fcr sich!<\/strong><br \/>\nder beste CoreTec Preis in DE\u00a0<img decoding=\"async\" src=\"https:\/\/fashion-wohntrend.de\/deutschland.png\" alt=\"\" data-cke-saved-src=\"https:\/\/fashion-wohntrend.de\/deutschland.png\" \/>\u00a0seit 2016<\/p>\n<p><span style=\"color: #ff0000;\"><b>\u00a0<\/b><\/span><\/p>\n<p>Der Klick Vinyl von CoreTec ist ein patentierter Bodenbelag der ohne Akklimatisierung auf fast alle bestehenden Untergr\u00fcnde sofort verlegt werden kann. ( Fliesen, Parkett, Estrich usw). Er ist so dimensionsstabil das er \u00fcber 400 m\u00b2 ohne Dehnungsfuge verlegt werden kann. Sie ben\u00f6tigen also keine h\u00e4sslichen \u00dcbergangsschienen an T\u00fcren oder anderen \u00dcberg\u00e4ngen. Wenn Sie jedoch mehr als 400 m\u00b2 durch legen m\u00fcssen, bietet CoreTec diverse Profile in Bodenbelag Farbe \/ Dekor an.<\/p>\n<p>Der CoreTec Klick Vinylbodenbelag ist in allen Kollektionen extrem Robust, Kratzbest\u00e4ndig und Strapazierf\u00e4hig, und somit auch f\u00fcr gro\u00dfe Tiere und andere strapazierf\u00e4hige Varianten im Wohnbereich geeignet. Im Gewerbebereich darf dieser Bodenbelag im Gegensatz zu vielen anderen Vinylb\u00f6den auch im Friseursalon oder Nagelstudio verlegt werden.<\/p>\n<p>&nbsp;<\/p>\n<p>Bildmaterial (c) by <a href=\"https:\/\/www.fashion-wohntrend.de\/Design411-Design-411-Achat2-Achat-Steinoptik-Betonoptik-Textiloptik-Klich-klicken-geklickt-schwimmend-IPC-Designboden-Vinylboden-PVC-Vinyl-Designvinyl-Uelzen-Wittingen-Bodenteich.html\" target=\"_blank\" rel=\"noopener\">Fashion-WohnTrend<\/a><\/p>\n<p>&nbsp;<\/p>\n","protected":false},"excerpt":{"rendered":"<p><span style=\"color: #000000;\"><strong>CoreTec Sur Plus Klick Vinylboden mit patentierter Zusammenstellung und Korkunterlage<br \/>\n<\/strong><strong>Rigid Klick Designbelag CoreTec Surplus\u00a0<\/strong><br \/>\nDekor Graphic 93 50 RLV 3893<br \/>\nMa\u00dfe : 122 x 18,30 cm \/\u00a05 mm Aufbauh\u00f6he \/ Nutzschicht 0,55 mm<br \/>\nVPE 2,68 m\u00b2<\/span><\/p>\n<p>Diesen CoreTec Bodenbelag k\u00f6nnen Sie bequem in unserem Onlineshop <a href=\"http:\/\/www.fashion-wohntrend.de\"><strong data-start=\"58\" data-end=\"82\">Fashion-WohnTrend.de<\/strong><\/a> per Ratenkauf mit EasyCredit bestellen.<\/p>\n","protected":false},"featured_media":2943,"comment_status":"open","ping_status":"closed","template":"","meta":{"neve_meta_sidebar":"","neve_meta_container":"","neve_meta_enable_content_width":"off","neve_meta_content_width":100,"neve_meta_title_alignment":"","neve_meta_author_avatar":"","neve_post_elements_order":"","neve_meta_disable_header":"","neve_meta_disable_footer":"","neve_meta_disable_title":"","_joinchat":[]},"product_brand":[],"product_cat":[925],"product_tag":[255,939,928,927,926,260,259,258,257,256,254,250,249,248,247,245,244,243,162,120],"class_list":{"0":"post-2822","1":"product","2":"type-product","3":"status-publish","4":"has-post-thumbnail","6":"product_cat-coretec-klick-vinyl-surplus-kollektion","7":"product_tag-designboden","8":"product_tag-graphic-93-50-rlv-3893","9":"product_tag-surplus-kollektion","10":"product_tag-sur-plus","11":"product_tag-surplus","12":"product_tag-nagelstudio","13":"product_tag-friseur","14":"product_tag-gewerbebereich","15":"product_tag-industriebereich","16":"product_tag-wohnbereich","17":"product_tag-designvinyl","18":"product_tag-vinylboden","19":"product_tag-fachmarkt-vinylboden","20":"product_tag-vinyl-laminat","21":"product_tag-coretec-klick-vinyl","22":"product_tag-kork-unterlage","23":"product_tag-usfloors","24":"product_tag-coretec","25":"product_tag-klick-vinyl","26":"product_tag-unterlage","28":"first","29":"instock","30":"sale","31":"taxable","32":"shipping-taxable","33":"purchasable","34":"product-type-simple"},"tiered_pricing_type":"fixed","tiered_pricing_fixed_rules":[],"tiered_pricing_product_settings":{"layout":"default","base_unit_name":{"singular":null,"plural":null},"default_variation":null},"tiered_pricing_minimum_quantity":null,"tiered_pricing_roles_data":[],"tiered_pricing_percentage_rules":[],"_links":{"self":[{"href":"https:\/\/designvinylboden.de\/index.php\/wp-json\/wp\/v2\/product\/2822","targetHints":{"allow":["GET"]}}],"collection":[{"href":"https:\/\/designvinylboden.de\/index.php\/wp-json\/wp\/v2\/product"}],"about":[{"href":"https:\/\/designvinylboden.de\/index.php\/wp-json\/wp\/v2\/types\/product"}],"replies":[{"embeddable":true,"href":"https:\/\/designvinylboden.de\/index.php\/wp-json\/wp\/v2\/comments?post=2822"}],"wp:featuredmedia":[{"embeddable":true,"href":"https:\/\/designvinylboden.de\/index.php\/wp-json\/wp\/v2\/media\/2943"}],"wp:attachment":[{"href":"https:\/\/designvinylboden.de\/index.php\/wp-json\/wp\/v2\/media?parent=2822"}],"wp:term":[{"taxonomy":"product_brand","embeddable":true,"href":"https:\/\/designvinylboden.de\/index.php\/wp-json\/wp\/v2\/product_brand?post=2822"},{"taxonomy":"product_cat","embeddable":true,"href":"https:\/\/designvinylboden.de\/index.php\/wp-json\/wp\/v2\/product_cat?post=2822"},{"taxonomy":"product_tag","embeddable":true,"href":"https:\/\/designvinylboden.de\/index.php\/wp-json\/wp\/v2\/product_tag?post=2822"}],"curies":[{"name":"wp","href":"https:\/\/api.w.org\/{rel}","templated":true}]}}