
{"id":4005,"date":"2025-03-13T10:52:54","date_gmt":"2025-03-13T10:52:54","guid":{"rendered":"https:\/\/designvinylboden.de\/?post_type=product&#038;p=4005"},"modified":"2025-03-13T10:57:56","modified_gmt":"2025-03-13T10:57:56","slug":"positano-bohemian-pine-69am02","status":"publish","type":"product","link":"https:\/\/designvinylboden.de\/index.php\/produkt\/positano-bohemian-pine-69am02\/","title":{"rendered":"Positano Bohemian Pine"},"content":{"rendered":"<p><strong>Positano Amalfi Bohemian Pine 69Am02 zur Vollfl\u00e4chigen Verklebung<\/strong><br \/>\n&#8211; <span style=\"color: #800000;\">CasaNova Positano Amalfi steht f\u00fcr hochwertige Dekore f\u00fcr den Wohnbereich und leichtes Gewerbe\u00a0 <\/span>&#8211;<\/p>\n<p><strong><br \/>\n<\/strong><span style=\"color: #000000;\"><strong>Positano Bohemian Pine 69Am02 Klebevinylbodenbelag<br \/>\n<\/strong><\/span><span style=\"color: #000000;\">Farbe \/ Dekor: Bohemian Pine 69Am02<br \/>\nMa\u00dfangaben : 1219,2 x 228,6 x 2,5 mm<br \/>\nNutzschicht 0,55 mm<br \/>\nVerlegeart : Verkleben oder auf Flexdeck Klebeunterlage<br \/>\nVPE : 3,340 m\u00b2<br \/>\n<\/span><\/p>\n<p>&nbsp;<\/p>\n<p><strong>Spezifikationen:<\/strong><\/p>\n<ul>\n<li>Nutzschicht 0.55\u00a0mm f\u00fcr den Wohnbereich und Gewerbe<\/li>\n<li>H\u00f6chste Qualit\u00e4t f\u00fcr fachgerechte Verlegung<\/li>\n<li>Langlebig durch hochverdichtete transparente Nutzschicht<\/li>\n<li>Komfortabel und Fu\u00dfwarm \/ einfach Pflege und Reinigung<\/li>\n<li>Nachhaltig da 100% Recycelbar \/ Phtalatfrei<\/li>\n<li>Klassifizierung 23\/33\/42**<\/li>\n<li>Fu\u00dfbodenheizung geeignet bis 27 Grad<\/li>\n<li>Rutschhemmung R10<\/li>\n<li>Stuhlrolleneignung<\/li>\n<li>Sehr Emissionsarm<\/li>\n<\/ul>\n<p>&nbsp;<\/p>\n<p>Zubeh\u00f6r wie folgt m\u00f6glich :<br \/>\nSockelleisten farblich passend 60 x 13 x 2500 mm<br \/>\nAkzentstreifen 5 x 1000 mm in verschiedenen Farben<br \/>\nund f\u00fcr\u00a0 Grundierung , Spachtelmasse und Kleber erstellen wir Ihnen sehr gerne auch ein Angebot<\/p>\n<p>&nbsp;<\/p>\n<p><a href=\"https:\/\/assets.ruhe.de\/downloads\/ebooks\/rc-virtueller-raumdesigner-positano\/index.html\" target=\"_blank\" rel=\"noopener\">Hier geht es zu weiteren Produktinformationen und dem pers\u00f6nlichen Raumgestalter zu allen Positano Dekoren<\/a><\/p>\n<p>Gro\u00dfe Musterplatten zum anfassen sind im Ausstellungsraum Bad Bodenteich vorhanden.<br \/>\nBei Fragen oder einem pers\u00f6nlichen f\u00fcr Sie kostenlosen Angebot gerne melden.<\/p>\n<p>&nbsp;<\/p>\n<p>Bildmaterial (c) by <a href=\"https:\/\/www.fashion-wohntrend.de\/Design411-Design-411-Achat2-Achat-Steinoptik-Betonoptik-Textiloptik-Klich-klicken-geklickt-schwimmend-IPC-Designboden-Vinylboden-PVC-Vinyl-Designvinyl-Uelzen-Wittingen-Bodenteich.html\" target=\"_blank\" rel=\"noopener\">Fashion-WohnTrend<\/a> und<a href=\"https:\/\/assets.ruhe.de\/downloads\/ebooks\/rc-virtueller-raumdesigner-positano\/index.html\" target=\"_blank\" rel=\"noopener\"> Ruhe &amp; Co<\/a><\/p>\n","protected":false},"excerpt":{"rendered":"<p><span style=\"color: #000000;\"><strong>Positano Amalfi Bohemian Pine 69Am02 Klebevinylbodenbelag<br \/>\n<\/strong><\/span><span style=\"color: #000000;\">Farbe \/ Dekor: Bohemian Pine 69Am02<br \/>\nMa\u00dfangaben : 1219,2 x 228,6 x 2,5 mm<br \/>\nNutzschicht 0,55 mm<br \/>\nVerlegeart : Verkleben oder auf Flexdeck Klebeunterlage<br \/>\nVPE : 3,340 m\u00b2<br \/>\n<\/span><\/p>\n","protected":false},"featured_media":4006,"comment_status":"open","ping_status":"closed","template":"","meta":{"neve_meta_sidebar":"","neve_meta_container":"","neve_meta_enable_content_width":"off","neve_meta_content_width":100,"neve_meta_title_alignment":"","neve_meta_author_avatar":"","neve_post_elements_order":"","neve_meta_disable_header":"","neve_meta_disable_footer":"","neve_meta_disable_title":"","_joinchat":[]},"product_brand":[],"product_cat":[563],"product_tag":[450,1102,1101,617,567,566,565,256,255,254,250,249,149],"class_list":{"0":"post-4005","1":"product","2":"type-product","3":"status-publish","4":"has-post-thumbnail","6":"product_cat-casanova-positano-amalfi","7":"product_tag-feuchtraum","8":"product_tag-69am02","9":"product_tag-bohemian-pine","10":"product_tag-amalfi","11":"product_tag-casanova-fachhandel","12":"product_tag-positano","13":"product_tag-casanova","14":"product_tag-wohnbereich","15":"product_tag-designboden","16":"product_tag-designvinyl","17":"product_tag-vinylboden","18":"product_tag-fachmarkt-vinylboden","19":"product_tag-klebevinylboden","21":"first","22":"instock","23":"sale","24":"taxable","25":"shipping-taxable","26":"purchasable","27":"product-type-simple"},"tiered_pricing_type":"fixed","tiered_pricing_fixed_rules":[],"tiered_pricing_product_settings":{"layout":"default","base_unit_name":{"singular":null,"plural":null},"default_variation":null},"tiered_pricing_minimum_quantity":null,"tiered_pricing_roles_data":[],"tiered_pricing_percentage_rules":[],"_links":{"self":[{"href":"https:\/\/designvinylboden.de\/index.php\/wp-json\/wp\/v2\/product\/4005","targetHints":{"allow":["GET"]}}],"collection":[{"href":"https:\/\/designvinylboden.de\/index.php\/wp-json\/wp\/v2\/product"}],"about":[{"href":"https:\/\/designvinylboden.de\/index.php\/wp-json\/wp\/v2\/types\/product"}],"replies":[{"embeddable":true,"href":"https:\/\/designvinylboden.de\/index.php\/wp-json\/wp\/v2\/comments?post=4005"}],"wp:featuredmedia":[{"embeddable":true,"href":"https:\/\/designvinylboden.de\/index.php\/wp-json\/wp\/v2\/media\/4006"}],"wp:attachment":[{"href":"https:\/\/designvinylboden.de\/index.php\/wp-json\/wp\/v2\/media?parent=4005"}],"wp:term":[{"taxonomy":"product_brand","embeddable":true,"href":"https:\/\/designvinylboden.de\/index.php\/wp-json\/wp\/v2\/product_brand?post=4005"},{"taxonomy":"product_cat","embeddable":true,"href":"https:\/\/designvinylboden.de\/index.php\/wp-json\/wp\/v2\/product_cat?post=4005"},{"taxonomy":"product_tag","embeddable":true,"href":"https:\/\/designvinylboden.de\/index.php\/wp-json\/wp\/v2\/product_tag?post=4005"}],"curies":[{"name":"wp","href":"https:\/\/api.w.org\/{rel}","templated":true}]}}