
{"id":4201,"date":"2025-03-14T00:41:28","date_gmt":"2025-03-14T00:41:28","guid":{"rendered":"https:\/\/designvinylboden.de\/?post_type=product&#038;p=4201"},"modified":"2025-03-18T07:26:10","modified_gmt":"2025-03-18T07:26:10","slug":"enia-jazz-x-7-0-kurzstab-oak-cream-34950-100-klicken","status":"publish","type":"product","link":"https:\/\/designvinylboden.de\/index.php\/produkt\/enia-jazz-x-7-0-kurzstab-oak-cream-34950-100-klicken\/","title":{"rendered":"Enia JAZZ X 7.0 Kurzstab oak cream &#8211; Klicken"},"content":{"rendered":"<p>Enia JAZZ X 7.0 Kurzstab oak cream\u00a0 Vinylbodenbelag &#8211; Supermatter Designboden<br \/>\n&#8211; <span style=\"color: #800000;\">Enia steht f\u00fcr hochwertige Dekore und die Kollektion Jazz X f\u00fcr kombinierbare B\u00f6den <\/span>&#8211;<\/p>\n<p>Hier geht es zum\u00a0<a href=\"https:\/\/enia.esignserver1.com\/gallery.do\" target=\"_blank\" rel=\"noopener\">Enia Raumdesigner<\/a>\u00a0wenn Sie ihren Raum virtuell vorab verlegen m\u00f6chten<\/p>\n<p><strong><br \/>\n<\/strong><span style=\"color: #000000;\"><strong>Designboden Enia Flooring zum Klicken<\/strong><\/span><\/p>\n<p><span style=\"color: #000000;\">Farbe\/Dekor :\u00a0 oak cream 34950 100<br \/>\nMa\u00dfe : 720.00 x 120.00 x 7 mm \/ Nutzschicht 0.55<br \/>\n1.2096 m\u00b2 \/ VPE<br \/>\nVerlegeart : Klicken \/ schwimmende Verlegung inklusive Unterlage<br \/>\nViele Verlegearten (siehe Bilder) &#8211; Kombinierbar<\/span><\/p>\n<p>&nbsp;<\/p>\n<p><strong>Produktinformationen:<\/strong><\/p>\n<ul>\n<li>MATRIX SUPER MATT Optik<\/li>\n<li>Oberfl\u00e4che\u00a0UV Coating<\/li>\n<li>Synchronpore<\/li>\n<li>4-seitige Microfase<\/li>\n<li>Wasserunempfindlich<\/li>\n<li>Format Holz: 1840 \u00d7 237 mm<\/li>\n<li>Oberfl\u00e4che: UV Coating<\/li>\n<li>Nutzschicht: 0.55 mm<\/li>\n<li>Rutschfestigkeit: R10<\/li>\n<li>Phthalatfrei<\/li>\n<li>W\u00e4rmedurchlasswiderstand 0.040m\u00b2 K\/W \/ EN 12667<\/li>\n<\/ul>\n<p>&nbsp;<\/p>\n<p>Weitere Fragen beantworten wir Ihnen gerne per Mail, Telefon oder in unserem kleinen Ausstellungsraum<\/p>\n<p>Bildmaterial (c)<a href=\"https:\/\/www.usfloors.be\/?lang=de\">\u00a0<\/a><a href=\"https:\/\/www.enia-flooring.com\/duplexxxllarix\" target=\"_blank\" rel=\"noopener\">Enia Flooring\u00a0<\/a>und <a href=\"http:\/\/www.fashion-wohntrend.de\">Fashion-WohnTrend<\/a><\/p>\n","protected":false},"excerpt":{"rendered":"<p><span style=\"color: #000000;\"><strong>Designboden Enia Flooring zum Klicken<\/strong><\/span><\/p>\n<p><span style=\"color: #000000;\">Farbe\/Dekor : oak cream 34950 100<br \/>\nMa\u00dfe : 720.00 x 120.00 x 7 mm \/ Nutzschicht 0.55<br \/>\n1.2096 m\u00b2 \/ VPE<br \/>\nVerlegeart : Klicken \/ schwimmende Verlegung inklusive Unterlage<\/span><\/p>\n","protected":false},"featured_media":4202,"comment_status":"open","ping_status":"closed","template":"","meta":{"neve_meta_sidebar":"","neve_meta_container":"","neve_meta_enable_content_width":"off","neve_meta_content_width":100,"neve_meta_title_alignment":"","neve_meta_author_avatar":"","neve_post_elements_order":"","neve_meta_disable_header":"","neve_meta_disable_footer":"","neve_meta_disable_title":"","_joinchat":[]},"product_brand":[],"product_cat":[1132],"product_tag":[350,1141,645,640,639,637,450,349,256,255,254,250,249],"class_list":{"0":"post-4201","1":"product","2":"type-product","3":"status-publish","4":"has-post-thumbnail","6":"product_cat-enia-vinylbodenbelag-kollektion-duplex-jazz-x","7":"product_tag-fischgraet","8":"product_tag-oak-cream-34950-100","9":"product_tag-klebe-vinylboden","10":"product_tag-supermatt","11":"product_tag-matt","12":"product_tag-enia","13":"product_tag-feuchtraum","14":"product_tag-herringbone","15":"product_tag-wohnbereich","16":"product_tag-designboden","17":"product_tag-designvinyl","18":"product_tag-vinylboden","19":"product_tag-fachmarkt-vinylboden","21":"first","22":"instock","23":"taxable","24":"shipping-taxable","25":"purchasable","26":"product-type-simple"},"tiered_pricing_type":"fixed","tiered_pricing_fixed_rules":[],"tiered_pricing_product_settings":{"layout":"default","base_unit_name":{"singular":null,"plural":null},"default_variation":null},"tiered_pricing_minimum_quantity":null,"tiered_pricing_roles_data":[],"tiered_pricing_percentage_rules":[],"_links":{"self":[{"href":"https:\/\/designvinylboden.de\/index.php\/wp-json\/wp\/v2\/product\/4201","targetHints":{"allow":["GET"]}}],"collection":[{"href":"https:\/\/designvinylboden.de\/index.php\/wp-json\/wp\/v2\/product"}],"about":[{"href":"https:\/\/designvinylboden.de\/index.php\/wp-json\/wp\/v2\/types\/product"}],"replies":[{"embeddable":true,"href":"https:\/\/designvinylboden.de\/index.php\/wp-json\/wp\/v2\/comments?post=4201"}],"wp:featuredmedia":[{"embeddable":true,"href":"https:\/\/designvinylboden.de\/index.php\/wp-json\/wp\/v2\/media\/4202"}],"wp:attachment":[{"href":"https:\/\/designvinylboden.de\/index.php\/wp-json\/wp\/v2\/media?parent=4201"}],"wp:term":[{"taxonomy":"product_brand","embeddable":true,"href":"https:\/\/designvinylboden.de\/index.php\/wp-json\/wp\/v2\/product_brand?post=4201"},{"taxonomy":"product_cat","embeddable":true,"href":"https:\/\/designvinylboden.de\/index.php\/wp-json\/wp\/v2\/product_cat?post=4201"},{"taxonomy":"product_tag","embeddable":true,"href":"https:\/\/designvinylboden.de\/index.php\/wp-json\/wp\/v2\/product_tag?post=4201"}],"curies":[{"name":"wp","href":"https:\/\/api.w.org\/{rel}","templated":true}]}}