
{"id":489,"date":"2022-02-04T06:17:26","date_gmt":"2022-02-04T06:17:26","guid":{"rendered":"http:\/\/desvin.coteam.de\/?post_type=product&#038;p=489"},"modified":"2026-03-05T10:38:28","modified_gmt":"2026-03-05T10:38:28","slug":"ipc-designvinyl-saphir-eiche-felsgrau-zum-klicken","status":"publish","type":"product","link":"https:\/\/designvinylboden.de\/index.php\/produkt\/ipc-designvinyl-saphir-eiche-felsgrau-zum-klicken\/","title":{"rendered":"IPC DesignVinyl Saphir+ Eiche Felsgrau zum Klicken"},"content":{"rendered":"<p><strong>IPC DesignVinyl Saphir Plus Eiche Felsgrau <\/strong><strong>zum\u00a0 Klicken<\/strong><br \/>\n&#8211; <span style=\"color: #800000;\">der gesunde Bodenbelag in der Designboden Szene mit Premium T\u00dcV Siegel<\/span> &#8211;<\/p>\n<p><strong><br \/>\nHochwertiger Holzoptik DesignVinylboden zum kleinen Preis von IPC<br \/>\n<\/strong><span style=\"color: #000000;\">Farbe : Eiche Felsgrau \/ Saphir Plus \/ inkl. Unterlage<br \/>\n<\/span><span style=\"color: #000000;\">Ma\u00dfangaben Planken 180 x 1220 mm, St\u00e4rke 5 mm<br \/>\nNutzschicht 0,3 mm + 2 Mal Antiscratch und UV Lackierung<br \/>\nVerlegeart : zur schwimmenden Verlegung<br \/>\nVPE : 1.757 m\u00b2<br \/>\n<\/span><\/p>\n<p>&nbsp;<\/p>\n<ul>\n<li>Gesamtst\u00e4rke in mm : Klick\u00a0= 5<\/li>\n<li>inklusive Unterlage &#8211; fix und fertig verlegbar<\/li>\n<li>Nutzschicht : 0,30 + 2 x lackiert mit Basic UV Lack und Protector mit Anti Scratch f\u00fcr lange Haltbarkeit<\/li>\n<li>Alle Bodenbel\u00e4ge ohne Fase<\/li>\n<li>Zusammensetzung ist 100% neues CV Material und kein Recyclingmaterial mit T\u00dcV Siegel<\/li>\n<li>Klasse Wohnbereich : EN 10874 \/ 23<\/li>\n<li>Brandverhalten nach Bf-s1<\/li>\n<li>Stuhlrollen Eignung nach EN 425 \u2013 Typ W<\/li>\n<li>Fu\u00dfbodenheizung geeignet<\/li>\n<li>Feuchtraum geeignet<\/li>\n<\/ul>\n<p>&nbsp;<\/p>\n<p>Verf\u00fcgbares Zubeh\u00f6r :<\/p>\n<ul>\n<li>wei\u00dfe Sockelleiste 14 x 58 x 2400 mm HDF<\/li>\n<li>farblich passende Sockelleiste 14 x 58 x 2400 mm HDF<\/li>\n<li>diverse Unterlagen<\/li>\n<li>Spachtel- Ausgleichmasse<\/li>\n<li>weiteres auf Anfrage<\/li>\n<\/ul>\n<p>&nbsp;<\/p>\n<p>In dieser Preisklasse die beste Optik und Haptik die wir unter 15.000 Produkten verkaufen<br \/>\n(ihr Dekor nicht dabei? Alle Produkte aus der Preiswertklasse 0.3 haben 1 zu 1 die selben Eigenschaften)<\/p>\n<p>&nbsp;<\/p>\n<p>Wir verkaufen IPC DesignVinyl Bodenbel\u00e4ge seit Jahren erfolgreiche ohne Reklamationen.<br \/>\nDie meisten Dekore bei IPC sind Wohnen, Gewerbe und Industrietauglich (siehe Beschreibung der Dekore), und dank der 2 fachen UV und Antiscratch Beschichtung sehr robust und langlebig. Wenn Sie Fragen zu diesem Produkt haben, kontaktieren Sie uns sehr gerne per Mail oder Telefon. Alle Muster gibt es auch in 29389 Bad Bodenteich im kleinen Ausstellungsraum als gro\u00dfe Muster zum anfassen und testen.<\/p>\n<p><span style=\"color: #ff0000;\"><strong>Aktuelle Aktion bei diesem Bodenbelag zum aktuellen Preis hier im Shop :\u00a0<\/strong><\/span><br \/>\n<span style=\"color: #ff0000;\">ab 35 m\u00b2 zu dem hier gelisteten Preis, inklusive der oben stehenden wei\u00dfen Sockelleiste.\u00a0<\/span><br \/>\n<span style=\"color: #ff0000;\">(je m\u00b2 gibt es 1 lfM Sockelleiste dazu)<\/span><\/p>\n<p>Produktheft zu diesem Bodenbelag mit weiteren Informationen &#8211; <a href=\"https:\/\/www.yumpu.com\/de\/embed\/view\/IKbirlUTpMdxfzyN\" target=\"_blank\" rel=\"noopener\">hier klicken<\/a> &#8211;<\/p>\n<p>&nbsp;<\/p>\n<p>IPC Designvinylb\u00f6den sind mit authentisch harmonisch wirkenden Oberfl\u00e4chen und in vielen gut durchdachten Dekoren verf\u00fcgbar. Die DesignVinyl Bodenbel\u00e4ge von IPC sind alle mit einem T\u00dcV Premium Zertifikat f\u00fcr gesundes Wohnen ausgezeichnet. Alle IPC Bodenbel\u00e4ge (auch schon ab 0.3er Nutzschicht) sind dank einer 2 fachen UV und Antiscratch Versieglung extrem kratzbest\u00e4ndig. Wenn Sie also nicht die Haptik und Optik eines IPC Vinylbodenbelages \u00fcberzeugt, dann auf jeden Fall die im Vergleich zu anderen Bodenbel\u00e4gen in dieser Preisklasse hohe Nutzschicht und Best\u00e4ndigkeit. Verbleichen und Verkratzen sind Dank der 2 fachen UV und Antiscratchbeschichtung, statt einer \u00fcblichen PU Versieglung, bei IPC Vinylb\u00f6den viel l\u00e4ngere kein Thema mehr.<\/p>\n<p>&nbsp;<\/p>\n<p>Bildmaterial (c) by <a href=\"https:\/\/www.fashion-wohntrend.de\/Design411-Design-411-Achat2-Achat-Steinoptik-Betonoptik-Textiloptik-Klich-klicken-geklickt-schwimmend-IPC-Designboden-Vinylboden-PVC-Vinyl-Designvinyl-Uelzen-Wittingen-Bodenteich.html\" target=\"_blank\" rel=\"noopener\">Fashion-WohnTrend<\/a> und <a href=\"https:\/\/www.ipc-v.de\/designplanken\/\" target=\"_blank\" rel=\"noopener\">IPC Parkett und Design<\/a><\/p>\n<p>&nbsp;<\/p>\n","protected":false},"excerpt":{"rendered":"<p><strong>IPC DesignVinyl Bodenbelag<\/strong><br \/>\n<span style=\"color: #000000;\">Farbe : Eiche Felsgrau \/ Saphir Plus \/ inkl. Unterlage<br \/>\n<\/span><span style=\"color: #000000;\">Ma\u00dfangaben Planken 180 x 1220 mm, St\u00e4rke 5 mm<br \/>\nNutzschicht 0,3 mm + 2 Mal Antiscratch und UV Lackierung<br \/>\nVerlegeart : zur schwimmenden Verlegung<br \/>\nVPE : 1.757 m\u00b2<br \/>\n<\/span><\/p>\n<p><span style=\"color: #ff0000;\">Dank deutschen Parketthersteller, extrem gute Optik und Haptik.<br \/>\n<\/span><span style=\"color: #ff0000;\">Und dank 2-facher UV und Antiscratch Beschichtung langlebiger als alle anderen Vinylb\u00f6den in der gleichen Preisklasse\u00a0<\/span><\/p>\n","protected":false},"featured_media":469,"comment_status":"open","ping_status":"closed","template":"","meta":{"neve_meta_sidebar":"","neve_meta_container":"","neve_meta_enable_content_width":"off","neve_meta_content_width":100,"neve_meta_title_alignment":"","neve_meta_author_avatar":"","neve_post_elements_order":"","neve_meta_disable_header":"","neve_meta_disable_footer":"","neve_meta_disable_title":"","_joinchat":[]},"product_brand":[],"product_cat":[104],"product_tag":[120,119,118,117,116,106,56,55,54,36,35,32,31,30],"class_list":{"0":"post-489","1":"product","2":"type-product","3":"status-publish","4":"has-post-thumbnail","6":"product_cat-ipc-saphir-plus-kollektion","7":"product_tag-unterlage","8":"product_tag-schwimmende-verlegung","9":"product_tag-klicken","10":"product_tag-klick-laminat","11":"product_tag-klickvinyl","12":"product_tag-eiche-felsgrau","13":"product_tag-vinylboden-mit-tuev-siegel","14":"product_tag-wohngesunder-designboden","15":"product_tag-wohngesunder-vinylboden","16":"product_tag-ipc-beratung","17":"product_tag-ipc-fachhaendler","18":"product_tag-ipc-designvinyl-bodenbelag","19":"product_tag-ipc-designvinyl","20":"product_tag-ipc","22":"first","23":"instock","24":"sale","25":"taxable","26":"shipping-taxable","27":"purchasable","28":"product-type-simple"},"tiered_pricing_type":"fixed","tiered_pricing_fixed_rules":[],"tiered_pricing_product_settings":{"layout":"default","base_unit_name":{"singular":null,"plural":null},"default_variation":null},"tiered_pricing_minimum_quantity":null,"tiered_pricing_roles_data":[],"tiered_pricing_percentage_rules":[],"_links":{"self":[{"href":"https:\/\/designvinylboden.de\/index.php\/wp-json\/wp\/v2\/product\/489","targetHints":{"allow":["GET"]}}],"collection":[{"href":"https:\/\/designvinylboden.de\/index.php\/wp-json\/wp\/v2\/product"}],"about":[{"href":"https:\/\/designvinylboden.de\/index.php\/wp-json\/wp\/v2\/types\/product"}],"replies":[{"embeddable":true,"href":"https:\/\/designvinylboden.de\/index.php\/wp-json\/wp\/v2\/comments?post=489"}],"wp:featuredmedia":[{"embeddable":true,"href":"https:\/\/designvinylboden.de\/index.php\/wp-json\/wp\/v2\/media\/469"}],"wp:attachment":[{"href":"https:\/\/designvinylboden.de\/index.php\/wp-json\/wp\/v2\/media?parent=489"}],"wp:term":[{"taxonomy":"product_brand","embeddable":true,"href":"https:\/\/designvinylboden.de\/index.php\/wp-json\/wp\/v2\/product_brand?post=489"},{"taxonomy":"product_cat","embeddable":true,"href":"https:\/\/designvinylboden.de\/index.php\/wp-json\/wp\/v2\/product_cat?post=489"},{"taxonomy":"product_tag","embeddable":true,"href":"https:\/\/designvinylboden.de\/index.php\/wp-json\/wp\/v2\/product_tag?post=489"}],"curies":[{"name":"wp","href":"https:\/\/api.w.org\/{rel}","templated":true}]}}