
{"id":5614,"date":"2025-08-11T05:43:33","date_gmt":"2025-08-11T05:43:33","guid":{"rendered":"https:\/\/designvinylboden.de\/?post_type=product&#038;p=5614"},"modified":"2026-03-05T08:16:38","modified_gmt":"2026-03-05T08:16:38","slug":"coretec-flexile-v-flex-klebe-vinylboden-forest-50-flxh-806-hb","status":"publish","type":"product","link":"https:\/\/designvinylboden.de\/index.php\/produkt\/coretec-flexile-v-flex-klebe-vinylboden-forest-50-flxh-806-hb\/","title":{"rendered":"CoreTec Flexile V-Flex Klebe-Vinylboden Forest 50 FLXH 806 HB"},"content":{"rendered":"<p><strong>CoreTec Flexile Klebe-Vinylboden Forest 50 FLXH 806 HB &#8211; 100% <\/strong><strong>Wasserfest<\/strong><br \/>\n&#8211; <span style=\"color: #800000;\">CoreTec Dryback Vinylboden mit der perfekten Optik und Haptik die wir kennen\u00a0 <\/span>&#8211;<br \/>\nder beste CoreTec Preis in DE\u00a0<img decoding=\"async\" src=\"https:\/\/fashion-wohntrend.de\/deutschland.png\" alt=\"\" \/> seit 2016 mit pers\u00f6nlichen Angebot<\/p>\n<p><strong><br \/>\n<\/strong><span style=\"color: #000000;\"><strong>CoreTec Flexile Klebe-Vinylboden der Klebevinylboden f\u00fcr alle R\u00e4ume<br \/>\n<\/strong><strong>Klebevinyl CoreTec Flexile VFlex<\/strong><br \/>\nDekor Forest 50 FLXH 806 HB &#8211; 0,55 Nutzschicht<br \/>\nMa\u00dfe : 9678 x 113 x 3 mm \/ Nutzschicht 0,55 mm<br \/>\nVPE 3,68 m\u00b2<br \/>\n<\/span><\/p>\n<p><strong>Spezifikationen:<\/strong><\/p>\n<ul>\n<li>KlebeVinylboden<\/li>\n<li>geeignet f\u00fcr Hotel &amp; Pension , Objekt (Industrie ohne Fahrgesch\u00e4ft) &amp; B\u00fcro<\/li>\n<li>Geeignet f\u00fcr Haustiere , Kratzfest , Markenqualit\u00e4t , Natural Look , Pflegeleicht , leicht zu verlegen , Robust<\/li>\n<li>Rutschhemmung R10<\/li>\n<li>Brandschutzklasse Bfl S1<\/li>\n<li>Fu\u00dfbodenheizung geeignet<\/li>\n<\/ul>\n<p>&nbsp;<\/p>\n<p>Passt immer zu ihren Stil denn Coretec ist ein Vinylbodenbelag f\u00fcr das echte Leben.<br \/>\nextrem stabil &#8211; leicht zu reinigen\u00a0 &#8211; abriebfest<\/p>\n<p>Wir bestellen f\u00fcr Sie gerne beim Hersteller CoreTec vorab ein Muster, unsere Empfehlung A4 Musterplatten x 2 f\u00fcr 15,00\u20ac inklusive Steuer und Versand direkt vom Hersteller.<br \/>\nBei A4 Musterplatten, k\u00f6nnen Sie dann auch etwas erkennen und mit dem Licht in ihren Raum spielen.<\/p>\n<p>COREtec Rigid-Vinyl kostenloses und unverbindliches Angebot per Mail f\u00fcr ihr Bauprojekt anfordern<\/p>\n<p><strong>CoreTec Fachh\u00e4ndler seit 2016. Unsere Bewertungen sprechen f\u00fcr sich!<\/strong><br \/>\nder beste CoreTec Preis in DE\u00a0<img decoding=\"async\" src=\"https:\/\/fashion-wohntrend.de\/deutschland.png\" alt=\"\" data-cke-saved-src=\"https:\/\/fashion-wohntrend.de\/deutschland.png\" \/>\u00a0seit 2016<\/p>\n<p><span style=\"color: #ff0000;\"><b>\u00a0<\/b><\/span><\/p>\n<p>Der CoreTec Klebe Vinylbodenbelag ist bei allen Dekoren extrem Robust, Kratzbest\u00e4ndig und Strapazierf\u00e4hig, und somit auch f\u00fcr gro\u00dfe Tiere und andere strapazierf\u00e4hige Varianten im Wohnbereich geeignet. Im Gewerbebereich (Industrie ohne Fahrgesch\u00e4ft) darf dieser Bodenbelag im Gegensatz zu vielen anderen Vinylb\u00f6den auch im Friseursalon oder Nagelstudio verlegt werden.<\/p>\n<p>&nbsp;<\/p>\n<p>Bildmaterial (c) by <a href=\"https:\/\/www.fashion-wohntrend.de\/Design411-Design-411-Achat2-Achat-Steinoptik-Betonoptik-Textiloptik-Klich-klicken-geklickt-schwimmend-IPC-Designboden-Vinylboden-PVC-Vinyl-Designvinyl-Uelzen-Wittingen-Bodenteich.html\" target=\"_blank\" rel=\"noopener\">Fashion-WohnTrend<\/a><\/p>\n<p>&nbsp;<\/p>\n","protected":false},"excerpt":{"rendered":"<p><span style=\"color: #000000;\"><strong>CoreTec Flexile Klebe-Vinylboden der Klebevinylboden f\u00fcr alle R\u00e4ume<br \/>\n<\/strong><strong>Klebevinyl CoreTec Flexile VFlex<\/strong><br \/>\nDekor Forest 50 FLXH 806 HB &#8211; 0,55 Nutzschicht<br \/>\nMa\u00dfe : 678 x 113 x 3 mm \/ Nutzschicht 0,55 mm<br \/>\nVPE 3,68 m\u00b2<\/span><\/p>\n<p>Diesen CoreTec Bodenbelag k\u00f6nnen Sie bequem in unserem Onlineshop\u00a0<a href=\"http:\/\/www.fashion-wohntrend.de\/\"><strong data-start=\"58\" data-end=\"82\">Fashion-WohnTrend.de<\/strong><\/a>\u00a0per Ratenkauf mit EasyCredit bestellen.<\/p>\n","protected":false},"featured_media":3316,"comment_status":"open","ping_status":"closed","template":"","meta":{"neve_meta_sidebar":"","neve_meta_container":"","neve_meta_enable_content_width":"off","neve_meta_content_width":100,"neve_meta_title_alignment":"","neve_meta_author_avatar":"","neve_post_elements_order":"","neve_meta_disable_header":"","neve_meta_disable_footer":"","neve_meta_disable_title":"","_joinchat":[]},"product_brand":[],"product_cat":[1580],"product_tag":[257,1606,1605,1587,1586,1585,1584,1583,1582,1581,260,259,258,256,255,254,250,249,248,245,244,243,149,147,125,88],"class_list":{"0":"post-5614","1":"product","2":"type-product","3":"status-publish","4":"has-post-thumbnail","6":"product_cat-coretec-klebevinyl-flixile-v-flex-kollektion","7":"product_tag-industriebereich","8":"product_tag-forest-50flxh806-hb","9":"product_tag-forest-50-flxh-806-hb","10":"product_tag-coretec-v-flex","11":"product_tag-coretec-flexile","12":"product_tag-coretec-dryback","13":"product_tag-dryback","14":"product_tag-v-flex","15":"product_tag-vflex","16":"product_tag-flexile","17":"product_tag-nagelstudio","18":"product_tag-friseur","19":"product_tag-gewerbebereich","20":"product_tag-wohnbereich","21":"product_tag-designboden","22":"product_tag-designvinyl","23":"product_tag-vinylboden","24":"product_tag-fachmarkt-vinylboden","25":"product_tag-vinyl-laminat","26":"product_tag-kork-unterlage","27":"product_tag-usfloors","28":"product_tag-coretec","29":"product_tag-klebevinylboden","30":"product_tag-klebevinyl","31":"product_tag-kleben","32":"product_tag-verkleben","34":"first","35":"instock","36":"sale","37":"taxable","38":"shipping-taxable","39":"purchasable","40":"product-type-simple"},"tiered_pricing_type":"fixed","tiered_pricing_fixed_rules":[],"tiered_pricing_product_settings":{"layout":"default","base_unit_name":{"singular":null,"plural":null},"default_variation":null},"tiered_pricing_minimum_quantity":null,"tiered_pricing_roles_data":[],"tiered_pricing_percentage_rules":[],"_links":{"self":[{"href":"https:\/\/designvinylboden.de\/index.php\/wp-json\/wp\/v2\/product\/5614","targetHints":{"allow":["GET"]}}],"collection":[{"href":"https:\/\/designvinylboden.de\/index.php\/wp-json\/wp\/v2\/product"}],"about":[{"href":"https:\/\/designvinylboden.de\/index.php\/wp-json\/wp\/v2\/types\/product"}],"replies":[{"embeddable":true,"href":"https:\/\/designvinylboden.de\/index.php\/wp-json\/wp\/v2\/comments?post=5614"}],"wp:featuredmedia":[{"embeddable":true,"href":"https:\/\/designvinylboden.de\/index.php\/wp-json\/wp\/v2\/media\/3316"}],"wp:attachment":[{"href":"https:\/\/designvinylboden.de\/index.php\/wp-json\/wp\/v2\/media?parent=5614"}],"wp:term":[{"taxonomy":"product_brand","embeddable":true,"href":"https:\/\/designvinylboden.de\/index.php\/wp-json\/wp\/v2\/product_brand?post=5614"},{"taxonomy":"product_cat","embeddable":true,"href":"https:\/\/designvinylboden.de\/index.php\/wp-json\/wp\/v2\/product_cat?post=5614"},{"taxonomy":"product_tag","embeddable":true,"href":"https:\/\/designvinylboden.de\/index.php\/wp-json\/wp\/v2\/product_tag?post=5614"}],"curies":[{"name":"wp","href":"https:\/\/api.w.org\/{rel}","templated":true}]}}