
{"id":661,"date":"2022-02-08T13:23:15","date_gmt":"2022-02-08T13:23:15","guid":{"rendered":"http:\/\/desvin.coteam.de\/?post_type=product&#038;p=661"},"modified":"2025-03-11T08:12:14","modified_gmt":"2025-03-11T08:12:14","slug":"ipc-designvinyl-rubinxl-eiche-hermelin-zum-kleben","status":"publish","type":"product","link":"https:\/\/designvinylboden.de\/index.php\/produkt\/ipc-designvinyl-rubinxl-eiche-hermelin-zum-kleben\/","title":{"rendered":"IPC DesignVinyl RubinXL Eiche Hermelin zum Kleben"},"content":{"rendered":"<p><strong>IPC DesignVinyl RubinXL Kollektion Eiche Hermelin <\/strong><strong>zum Kleben<\/strong><br \/>\n&#8211; <span style=\"color: #800000;\">der gesunde Bodenbelag in der Designboden Szene mit Premium T\u00dcV Siegel<\/span> &#8211;<\/p>\n<p><strong><br \/>\nHochwertiger Holzoptik DesignVinylboden zum kleinen Preis von IPC<br \/>\n<\/strong><span style=\"color: #000000;\">Farbe : Eiche Hermelin \/ RubinXL Kollektion<br \/>\nAuthentische Pr\u00e4gung mit 4-seitiger Microfase<br \/>\n<\/span><span style=\"color: #000000;\">Ma\u00dfangaben Planken 238 x 1229 mm, St\u00e4rke 2,5 mm<br \/>\nNutzschicht 0,55 mm + 2 Mal Antiscratch und UV Lackierung<br \/>\nVerlegeart : vollfl\u00e4chige Verklebung \/ KlebeVinyl<br \/>\nVPE : 4.095 m\u00b2<br \/>\npassende kleiner Planke f\u00fcr Kombiverlegung (siehe Produktheft unten) unter RubinXS zu finden<\/span><\/p>\n<p>&nbsp;<\/p>\n<ul>\n<li>Materialst\u00e4rke: 2,5\u00a0mm<\/li>\n<li>zum vollfl\u00e4chigen Verkleben<\/li>\n<li>Nutzschicht: 0,55 mm<\/li>\n<li>+ 2 mal UV Lack Beschichtung<\/li>\n<li>Wohnbereich Nutzungsklasse 23 \/ Gewerbe 33 \/ *42<\/li>\n<li>geeignet f\u00fcr Bodenheizung<\/li>\n<li>Stuhlrolleneignung (Typ W)<\/li>\n<li>T\u00dcV Siegel f\u00fcr wohngesundes Wohnen<\/li>\n<li>Keine Beeinflussung des Raumklimas<\/li>\n<\/ul>\n<p>&nbsp;<\/p>\n<p>Verf\u00fcgbares Zubeh\u00f6r :<\/p>\n<ul>\n<li>wei\u00dfe Sockelleiste 14 x 58 x 2400 mm HDF<\/li>\n<li>farblich passende Sockelleiste 14 x 58 x 2400 mm HDF<\/li>\n<li>diverse Unterlagen<\/li>\n<li>Spachtel- Ausgleichmasse<\/li>\n<li>Kleber f\u00fcr Designbodenbelag<\/li>\n<li>Grundierung<\/li>\n<li>weiteres auf Anfrage<\/li>\n<\/ul>\n<p>&nbsp;<\/p>\n<p>In dieser Preisklasse die beste Optik und Haptik die wir unter 15.000 Produkten verkaufen<br \/>\n(ihr Dekor nicht dabei? Alle Produkte aus der Preiswertklasse 0.3 haben 1 zu 1 die selben Eigenschaften)<\/p>\n<p>&nbsp;<\/p>\n<p>Wir verkaufen IPC DesignVinyl Bodenbel\u00e4ge seit Jahren erfolgreiche ohne Reklamationen.<br \/>\nDie meisten Dekore bei IPC sind Wohnen, Gewerbe und Industrietauglich (siehe Beschreibung der Dekore), und dank der 2 fachen UV und Antiscratch Beschichtung sehr robust und langlebig. Wenn Sie Fragen zu diesem Produkt haben, kontaktieren Sie uns sehr gerne per Mail oder Telefon. Alle Muster gibt es auch in 29389 Bad Bodenteich im kleinen Ausstellungsraum als gro\u00dfe Muster zum anfassen und testen.<\/p>\n<p><span style=\"color: #ff0000;\"><strong>Aktuelle Aktion bei diesem Bodenbelag zum aktuellen Preis hier im Shop :\u00a0<\/strong><\/span><br \/>\n<span style=\"color: #ff0000;\">ab 35 m\u00b2 zu dem hier gelisteten Preis, inklusive der oben stehenden wei\u00dfen Sockelleiste.\u00a0<\/span><br \/>\n<span style=\"color: #ff0000;\">(je m\u00b2 gibt es 1 lfM Sockelleiste dazu)<\/span><\/p>\n<p>Produktheft zu diesem Bodenbelag mit weiteren Informationen &#8211; <a href=\"https:\/\/www.yumpu.com\/de\/embed\/view\/VjxLuRkMracdhiAG\" target=\"_blank\" rel=\"noopener\">hier klicken<\/a> &#8211;<\/p>\n<p>&nbsp;<\/p>\n<p>IPC Designvinylb\u00f6den sind mit authentisch harmonisch wirkenden Oberfl\u00e4chen und in vielen gut durchdachten Dekoren verf\u00fcgbar. Die DesignVinyl Bodenbel\u00e4ge von IPC sind alle mit einem T\u00dcV Premium Zertifikat f\u00fcr gesundes Wohnen ausgezeichnet. Alle IPC Bodenbel\u00e4ge (auch schon ab 0.3er Nutzschicht) sind dank einer 2 fachen UV und Antiscratch Versieglung extrem kratzbest\u00e4ndig. Wenn Sie also nicht die Haptik und Optik eines IPC Vinylbodenbelages \u00fcberzeugt, dann auf jeden Fall die im Vergleich zu anderen Bodenbel\u00e4gen in dieser Preisklasse hohe Nutzschicht und Best\u00e4ndigkeit. Verbleichen und Verkratzen sind Dank der 2 fachen UV und Antiscratchbeschichtung, statt einer \u00fcblichen PU Versieglung, bei IPC Vinylb\u00f6den viel l\u00e4ngere kein Thema mehr.<\/p>\n<p>&nbsp;<\/p>\n<p>Bildmaterial (c) by <a href=\"https:\/\/www.fashion-wohntrend.de\/Design411-Design-411-Achat2-Achat-Steinoptik-Betonoptik-Textiloptik-Klich-klicken-geklickt-schwimmend-IPC-Designboden-Vinylboden-PVC-Vinyl-Designvinyl-Uelzen-Wittingen-Bodenteich.html\" target=\"_blank\" rel=\"noopener\">Fashion-WohnTrend<\/a> und <a href=\"https:\/\/www.ipc-v.de\/designplanken\/\" target=\"_blank\" rel=\"noopener\">IPC Parkett und Design<\/a><\/p>\n<p>&nbsp;<\/p>\n","protected":false},"excerpt":{"rendered":"<p><strong>IPC DesignVinyl Bodenbelag<\/strong><br \/>\n<span style=\"color: #000000;\">Farbe : Eiche Hermelin \/ RubinXL Kollektion<br \/>\nAuthentische Pr\u00e4gung mit 4-seitiger Microfase<br \/>\n<\/span><span style=\"color: #000000;\">Ma\u00dfangaben Planken 238 x 1229 mm, St\u00e4rke 2,5 mm<br \/>\nNutzschicht 0,55 mm + 2 Mal Antiscratch und UV Lackierung<br \/>\nVerlegeart : vollfl\u00e4chige Verklebung \/ KlebeVinyl<br \/>\nVPE : 4.095 m\u00b2<br \/>\n<\/span><\/p>\n<p><span style=\"color: #ff0000;\">Dank deutschen Parketthersteller, extrem gute Optik und Haptik.<br \/>\n<\/span><span style=\"color: #ff0000;\">Und dank 2-facher UV und Antiscratch Beschichtung langlebiger als alle anderen Vinylb\u00f6den in der gleichen Preisklasse\u00a0<\/span><\/p>\n","protected":false},"featured_media":662,"comment_status":"open","ping_status":"closed","template":"","meta":{"neve_meta_sidebar":"","neve_meta_container":"","neve_meta_enable_content_width":"off","neve_meta_content_width":100,"neve_meta_title_alignment":"","neve_meta_author_avatar":"","neve_post_elements_order":"","neve_meta_disable_header":"","neve_meta_disable_footer":"","neve_meta_disable_title":"","_joinchat":[]},"product_brand":[],"product_cat":[168],"product_tag":[182,171,170,149,148,147,146,125,120,56,55,54,36,35,32,31,30],"class_list":{"0":"post-661","1":"product","2":"type-product","3":"status-publish","4":"has-post-thumbnail","6":"product_cat-ipc-rubin-xl-kollektion","7":"product_tag-eiche-hermelin","8":"product_tag-xl","9":"product_tag-rubinxl","10":"product_tag-klebevinylboden","11":"product_tag-klebedesignboden","12":"product_tag-klebevinyl","13":"product_tag-verklebt","14":"product_tag-kleben","15":"product_tag-unterlage","16":"product_tag-vinylboden-mit-tuev-siegel","17":"product_tag-wohngesunder-designboden","18":"product_tag-wohngesunder-vinylboden","19":"product_tag-ipc-beratung","20":"product_tag-ipc-fachhaendler","21":"product_tag-ipc-designvinyl-bodenbelag","22":"product_tag-ipc-designvinyl","23":"product_tag-ipc","25":"first","26":"instock","27":"sale","28":"taxable","29":"shipping-taxable","30":"purchasable","31":"product-type-simple"},"tiered_pricing_type":"fixed","tiered_pricing_fixed_rules":[],"tiered_pricing_product_settings":{"layout":"default","base_unit_name":{"singular":null,"plural":null},"default_variation":null},"tiered_pricing_minimum_quantity":null,"tiered_pricing_roles_data":[],"tiered_pricing_percentage_rules":[],"_links":{"self":[{"href":"https:\/\/designvinylboden.de\/index.php\/wp-json\/wp\/v2\/product\/661","targetHints":{"allow":["GET"]}}],"collection":[{"href":"https:\/\/designvinylboden.de\/index.php\/wp-json\/wp\/v2\/product"}],"about":[{"href":"https:\/\/designvinylboden.de\/index.php\/wp-json\/wp\/v2\/types\/product"}],"replies":[{"embeddable":true,"href":"https:\/\/designvinylboden.de\/index.php\/wp-json\/wp\/v2\/comments?post=661"}],"wp:featuredmedia":[{"embeddable":true,"href":"https:\/\/designvinylboden.de\/index.php\/wp-json\/wp\/v2\/media\/662"}],"wp:attachment":[{"href":"https:\/\/designvinylboden.de\/index.php\/wp-json\/wp\/v2\/media?parent=661"}],"wp:term":[{"taxonomy":"product_brand","embeddable":true,"href":"https:\/\/designvinylboden.de\/index.php\/wp-json\/wp\/v2\/product_brand?post=661"},{"taxonomy":"product_cat","embeddable":true,"href":"https:\/\/designvinylboden.de\/index.php\/wp-json\/wp\/v2\/product_cat?post=661"},{"taxonomy":"product_tag","embeddable":true,"href":"https:\/\/designvinylboden.de\/index.php\/wp-json\/wp\/v2\/product_tag?post=661"}],"curies":[{"name":"wp","href":"https:\/\/api.w.org\/{rel}","templated":true}]}}