
{"id":866,"date":"2022-02-15T11:54:47","date_gmt":"2022-02-15T11:54:47","guid":{"rendered":"http:\/\/desvin.coteam.de\/?post_type=product&#038;p=866"},"modified":"2026-03-05T10:21:44","modified_gmt":"2026-03-05T10:21:44","slug":"coretec-proplus-klick-vinylboden-kronos-50-rlv-1203","status":"publish","type":"product","link":"https:\/\/designvinylboden.de\/index.php\/produkt\/coretec-proplus-klick-vinylboden-kronos-50-rlv-1203\/","title":{"rendered":"CoreTec ProPlus Klick Vinylboden Kronos 50 RLV 1203"},"content":{"rendered":"<p><strong>CoreTec ProPlus Klick Vinylboden Kronos 50 RLV 1203 mit Korkunterlage und Lifetime<\/strong><br \/>\n&#8211; <span style=\"color: #800000;\">patentierter Core Tr\u00e4ger f\u00fcr Verlegung auf vielen Untergr\u00fcnden und 400 m\u00b2 ohne Dehnungsfuge\u00a0 <\/span>&#8211;<br \/>\nder beste CoreTec Preis in DE\u00a0<img decoding=\"async\" src=\"https:\/\/fashion-wohntrend.de\/deutschland.png\" alt=\"\" \/> seit 2016 mit pers\u00f6nlichen Angebot<\/p>\n<p><strong><br \/>\n<\/strong><span style=\"color: #000000;\"><strong>CoreTec Pro Plus Klick Vinylboden mit patentierter Zusammenstellung und Korkunterlage<br \/>\n<\/strong>Farbe \/ Dekor: Kronos 50 RLV 1203 \/ CoreTec Pro Plus Kollektion<br \/>\nMa\u00dfangaben : 183 x 1220 x 5 mm<br \/>\nNutzschicht 0,55 mm + 2 Mal Antiscratch und UV Lackierung<br \/>\nVerlegeart : schwimmende Verlegung \/ Klick Vinyl inkl. Kork Unterlage<br \/>\nVPE : 2.680 m\u00b2<br \/>\ntolle CoreTec Einstiegs Kollektion mit hohen Mehrwert f\u00fcr das Bauprojekt<\/span><\/p>\n<p>&nbsp;<\/p>\n<p><strong>Spezifikationen:<\/strong><\/p>\n<ul>\n<li>100% wasserfest, hervorragend geeignet f\u00fcr Nassr\u00e4ume<\/li>\n<li>auf fast allen Untergr\u00fcnden SOFORT verlegbar (Fliesen, Estrich usw.)<\/li>\n<li>sofortige Installation ohne Akklimatisierung<\/li>\n<li>Verlegung bis zu 400m\u00b2 ohne Dehnungsfuge m\u00f6glich<\/li>\n<li>einfache Verlegung mit Uniklick-Verbindung<\/li>\n<li>leiser Bodenbelag,angenehmer Gehkomfort<\/li>\n<li>kein zus\u00e4tzlicher Trittschall notwendig (Korkunterlage)<\/li>\n<li>hohe Schalld\u00e4mmung<\/li>\n<li>extrem stabil und kratzbest\u00e4ndig,problemlos bei Haustieren<\/li>\n<li>Einsatz im Gewerbebereich m\u00f6glich<\/li>\n<\/ul>\n<p>&nbsp;<\/p>\n<p><strong>Technische Daten :<\/strong><\/p>\n<ul>\n<li>Nutzungsklasse : 23 &#8211; 33 &#8211; 42 (EN ISO 10874)<\/li>\n<li>Brandklasse : Bfl-S1 (EN 13501)<\/li>\n<li>Verschleissverhalten : Class T (EN 660-2)<\/li>\n<li>Massstabilit\u00e4t : &lt;0,15mm (EN 24342)<\/li>\n<li>Schl\u00fcsselung : &lt;0,02mm (EN 23999)<\/li>\n<li>Dimensionsstabilit\u00e4t : &lt;0,02 (EN 23999)<\/li>\n<li>Antistatik : &lt;2kV (EN 1815)<\/li>\n<li>Rutschhemmung : DS (EN 13893)<\/li>\n<li>Rutschverhalten : R10 (DIN51130) von 10\u00b0-19\u00b0<\/li>\n<li>Formaldehyd Klassifizierung : E1 (EN 717-1)<\/li>\n<li>Trittschallverbesserungsma\u00df : Lw=19dB (EN 140)<\/li>\n<li>Stuhlrollenbeanspruchung : Pass (EN 425)<\/li>\n<li>Fu\u00dfbodenheizung geeignet : 0,1009 (m\u00b2 K\/W) (EN 12667) (EN 12524)<\/li>\n<li>Chemikalienbest\u00e4ndigkeit : sehr gut (EN 423) Friseursalon geeignet<\/li>\n<\/ul>\n<p>&nbsp;<\/p>\n<p>Verf\u00fcgbares Zubeh\u00f6r :<\/p>\n<ul>\n<li>0065 Sockelleiste MDF Wei\u00df \u00a0lackierbar 10 x 58 x 2500 mm<\/li>\n<li>farblich passende Sockelleisten in 2 Formaten vom Hersteller<\/li>\n<li>diverse farblich passende End- und \u00dcbergangsschienen<\/li>\n<li>weiteres auf Anfrage<\/li>\n<\/ul>\n<p><b>\u00a0<\/b><\/p>\n<p>Der Klick Vinyl von CoreTec ist ein patentierter Bodenbelag der ohne Akklimatisierung auf fast alle bestehenden Untergr\u00fcnde sofort verlegt werden kann. ( Fliesen, Parkett, Estrich usw). Er ist so dimensionsstabil das er \u00fcber 400 m\u00b2 ohne Dehnungsfuge verlegt werden kann. Sie ben\u00f6tigen also keine h\u00e4sslichen \u00dcbergangsschienen an T\u00fcren oder anderen \u00dcberg\u00e4ngen. Wenn Sie jedoch mehr als 400 m\u00b2 durch legen m\u00fcssen, bietet CoreTec diverse Profile in Bodenbelag Farbe \/ Dekor an.<\/p>\n<p>Der CoreTec Klick Vinylbodenbelag ist in allen Kollektionen extrem Robust, Kratzbest\u00e4ndig und Strapazierf\u00e4hig, und somit auch f\u00fcr gro\u00dfe Tiere und andere strapazierf\u00e4hige Varianten im Wohnbereich geeignet. Im Gewerbebereich darf dieser Bodenbelag im Gegensatz zu vielen anderen Vinylb\u00f6den auch im Friseursalon oder Nagelstudio verlegt werden.<\/p>\n<p>&nbsp;<\/p>\n<p>Bildmaterial (c) by <a href=\"https:\/\/www.fashion-wohntrend.de\/Design411-Design-411-Achat2-Achat-Steinoptik-Betonoptik-Textiloptik-Klich-klicken-geklickt-schwimmend-IPC-Designboden-Vinylboden-PVC-Vinyl-Designvinyl-Uelzen-Wittingen-Bodenteich.html\" target=\"_blank\" rel=\"noopener\">Fashion-WohnTrend<\/a><\/p>\n<p>&nbsp;<\/p>\n","protected":false},"excerpt":{"rendered":"<p><strong>CoreTec ProPlus Klick Vinylboden mit patentierter Zusammenstellung und Korkunterlage<br \/>\n<\/strong><span style=\"color: #000000;\">Farbe \/ Dekor: Kronos 50 RLV 1203 \/ CoreTec Pro Plus Kollektion<br \/>\n<\/span><span style=\"color: #000000;\">Ma\u00dfangaben : 183 x 1220 x 5 mm<br \/>\nNutzschicht 0,55 mm + 2 Mal Antiscratch und UV Lackierung<br \/>\nVerlegeart : schwimmende Verlegung \/ Klick Vinyl inkl. Kork Unterlage<br \/>\nVPE : 2.680 m\u00b2<\/span><\/p>\n<p>&nbsp;<\/p>\n<p>Diesen CoreTec Bodenbelag k\u00f6nnen Sie bequem in unserem Onlineshop\u00a0<a href=\"http:\/\/www.fashion-wohntrend.de\/\"><strong data-start=\"58\" data-end=\"82\">Fashion-WohnTrend.de<\/strong><\/a>\u00a0per Ratenkauf mit EasyCredit bestellen.<\/p>\n","protected":false},"featured_media":3016,"comment_status":"open","ping_status":"closed","template":"","meta":{"neve_meta_sidebar":"","neve_meta_container":"","neve_meta_enable_content_width":"off","neve_meta_content_width":100,"neve_meta_title_alignment":"","neve_meta_author_avatar":"","neve_post_elements_order":"","neve_meta_disable_header":"","neve_meta_disable_footer":"","neve_meta_disable_title":"","_joinchat":[]},"product_brand":[],"product_cat":[242],"product_tag":[250,270,260,259,258,257,256,255,254,253,252,251,249,248,247,245,244,243,162,120],"class_list":{"0":"post-866","1":"product","2":"type-product","3":"status-publish","4":"has-post-thumbnail","6":"product_cat-coretec-designvinyl-proplus-kollektion","7":"product_tag-vinylboden","8":"product_tag-50-rlv-1203-kronos","9":"product_tag-nagelstudio","10":"product_tag-friseur","11":"product_tag-gewerbebereich","12":"product_tag-industriebereich","13":"product_tag-wohnbereich","14":"product_tag-designboden","15":"product_tag-designvinyl","16":"product_tag-proplus-vinyl","17":"product_tag-pro-plus-kollektion","18":"product_tag-proplus-bodenbelag","19":"product_tag-fachmarkt-vinylboden","20":"product_tag-vinyl-laminat","21":"product_tag-coretec-klick-vinyl","22":"product_tag-kork-unterlage","23":"product_tag-usfloors","24":"product_tag-coretec","25":"product_tag-klick-vinyl","26":"product_tag-unterlage","28":"first","29":"instock","30":"sale","31":"taxable","32":"shipping-taxable","33":"purchasable","34":"product-type-simple"},"tiered_pricing_type":"fixed","tiered_pricing_fixed_rules":[],"tiered_pricing_product_settings":{"layout":"default","base_unit_name":{"singular":null,"plural":null},"default_variation":null},"tiered_pricing_minimum_quantity":null,"tiered_pricing_roles_data":[],"tiered_pricing_percentage_rules":[],"_links":{"self":[{"href":"https:\/\/designvinylboden.de\/index.php\/wp-json\/wp\/v2\/product\/866","targetHints":{"allow":["GET"]}}],"collection":[{"href":"https:\/\/designvinylboden.de\/index.php\/wp-json\/wp\/v2\/product"}],"about":[{"href":"https:\/\/designvinylboden.de\/index.php\/wp-json\/wp\/v2\/types\/product"}],"replies":[{"embeddable":true,"href":"https:\/\/designvinylboden.de\/index.php\/wp-json\/wp\/v2\/comments?post=866"}],"wp:featuredmedia":[{"embeddable":true,"href":"https:\/\/designvinylboden.de\/index.php\/wp-json\/wp\/v2\/media\/3016"}],"wp:attachment":[{"href":"https:\/\/designvinylboden.de\/index.php\/wp-json\/wp\/v2\/media?parent=866"}],"wp:term":[{"taxonomy":"product_brand","embeddable":true,"href":"https:\/\/designvinylboden.de\/index.php\/wp-json\/wp\/v2\/product_brand?post=866"},{"taxonomy":"product_cat","embeddable":true,"href":"https:\/\/designvinylboden.de\/index.php\/wp-json\/wp\/v2\/product_cat?post=866"},{"taxonomy":"product_tag","embeddable":true,"href":"https:\/\/designvinylboden.de\/index.php\/wp-json\/wp\/v2\/product_tag?post=866"}],"curies":[{"name":"wp","href":"https:\/\/api.w.org\/{rel}","templated":true}]}}